{"id":5214,"date":"2021-11-20T12:31:39","date_gmt":"2021-11-20T12:31:39","guid":{"rendered":"https:\/\/ggchile.cl\/store\/?post_type=product&#038;p=5214"},"modified":"2021-11-20T12:31:40","modified_gmt":"2021-11-20T12:31:40","slug":"assassins-creed-revelations","status":"publish","type":"product","link":"https:\/\/ggchile.cl\/store\/product\/assassins-creed-revelations\/","title":{"rendered":"Assassin&#8217;s Creed: Revelations"},"content":{"rendered":"<h2>Acerca de este juego<\/h2>\n<p>Cuando un hombre ha ganado todas sus batallas y derrotado a sus enemigos, \u00bfqu\u00e9 le queda por conseguir? Ezio Auditore deber\u00e1 dejar atr\u00e1s su vida en busca de respuestas, en busca de la verdad.<br \/>\nEn Assassin\u2019s Creed\u00ae Revelations, el maestro asesino Ezio Auditore sigue los pasos del legendario mentor Altair en un viaje de descubrimiento y revelaciones. Es un camino peligroso, uno que llevar\u00e1 a Ezio a Constantinopla, el coraz\u00f3n del Imperio Otomano, donde un ej\u00e9rcito cada vez m\u00e1s grande de templarios amenaza con desestabilizar la regi\u00f3n.<br \/>\nAdem\u00e1s de la galardonada historia de Ezio, regresa una ampliada experiencia multijugador en l\u00ednea mejorada con m\u00e1s modos, m\u00e1s mapas y m\u00e1s personajes, permiti\u00e9ndote probar tus habilidades asesinas contra otros de todo el mundo.<\/p>\n<h2 class=\"bb_tag\">Caracter\u00edsticas Principales:<\/h2>\n<ul class=\"bb_ul\">\n<li><strong>S\u00c9 M\u00c1S LETAL QUE NUNCA<\/strong>\n<p>Emplea las letales habilidades de un Ezio m\u00e1s sabio, m\u00e1s eficiente y m\u00e1s letal. Elimina con rapidez a tus enemigos con un nuevo arsenal de armas y habilidades, como el parkour mejorado y el combate con el gancho. Experimenta nuevos niveles de personalizaci\u00f3n del juego con la elaboraci\u00f3n de bombas y usa el sentido de \u00e1guila aumentado para superar a tus enemigos y dominar el entorno<\/li>\n<li><strong>PON A PRUEBA TUS HABILIDADES CONTRA LOS MEJORES<\/strong>\n<p>Una experiencia multijugador aclamada por la cr\u00edtica, mejorada con modos de juego innovadores y jugable una y otra vez hasta el infinito<\/li>\n<li><strong>EXPERIMENTA LA REVOLUCIONARIA MEC\u00c1NICA DE JUEGO<\/strong>\n<p>Explora los confines m\u00e1s lejanos del Animus conforme vas descubriendo los misterios del pasado de Desmond mientras te haces una idea de lo que depara el futuro<\/li>\n<\/ul>\n","protected":false},"excerpt":{"rendered":"<p>Acerca de este juego Cuando un hombre ha ganado todas sus batallas y derrotado a sus enemigos, \u00bfqu\u00e9 le queda por conseguir? Ezio Auditore deber\u00e1 dejar atr\u00e1s su vida en<\/p>\n","protected":false},"featured_media":5215,"comment_status":"open","ping_status":"closed","template":"","meta":[],"product_brand":[],"product_cat":[234,232,226],"product_tag":[],"class_list":{"0":"post-5214","1":"product","2":"type-product","3":"status-publish","4":"has-post-thumbnail","6":"product_cat-accion-y-aventura","7":"product_cat-playstation","8":"product_cat-playstation-3","10":"first","11":"instock","12":"sale","13":"virtual","14":"purchasable","15":"product-type-simple"},"yoast_head":"<!-- This site is optimized with the Yoast SEO plugin v26.9 - https:\/\/yoast.com\/product\/yoast-seo-wordpress\/ -->\n<title>Assassin&#039;s Creed: Revelations - GGstore Chile<\/title>\n<meta name=\"description\" content=\"Cuando un hombre ha ganado todas sus batallas y derrotado a sus enemigos, \u00bfqu\u00e9 le queda por conseguir? Ezio Auditore deber\u00e1 dejar atr\u00e1s su vida en busca de respuestas, en busca de la verdad.En Assassin\u2019s Creed\u00ae Revelations, el maestro asesino Ezio Auditore sigue los pasos del legendario mentor Altair en un viaje de descubrimiento y revelaciones. Es un camino peligroso, uno que llevar\u00e1 a Ezio a Constantinopla, el coraz\u00f3n del Imperio Otomano, donde un ej\u00e9rcito cada vez m\u00e1s grande de templarios amenaza con desestabilizar la regi\u00f3n.Adem\u00e1s de la galardonada historia de Ezio, regresa una ampliada experiencia multijugador en l\u00ednea mejorada con m\u00e1s modos, m\u00e1s mapas y m\u00e1s personajes, permiti\u00e9ndote probar tus habilidades asesinas contra otros de todo el mundo.\" \/>\n<meta name=\"robots\" content=\"index, follow, max-snippet:-1, max-image-preview:large, max-video-preview:-1\" \/>\n<link rel=\"canonical\" href=\"https:\/\/ggchile.cl\/store\/product\/assassins-creed-revelations\/\" \/>\n<meta property=\"og:locale\" content=\"es_ES\" \/>\n<meta property=\"og:type\" content=\"article\" \/>\n<meta property=\"og:title\" content=\"Assassin&#039;s Creed: Revelations - GGstore Chile\" \/>\n<meta property=\"og:description\" content=\"Cuando un hombre ha ganado todas sus batallas y derrotado a sus enemigos, \u00bfqu\u00e9 le queda por conseguir? Ezio Auditore deber\u00e1 dejar atr\u00e1s su vida en busca de respuestas, en busca de la verdad.En Assassin\u2019s Creed\u00ae Revelations, el maestro asesino Ezio Auditore sigue los pasos del legendario mentor Altair en un viaje de descubrimiento y revelaciones. Es un camino peligroso, uno que llevar\u00e1 a Ezio a Constantinopla, el coraz\u00f3n del Imperio Otomano, donde un ej\u00e9rcito cada vez m\u00e1s grande de templarios amenaza con desestabilizar la regi\u00f3n.Adem\u00e1s de la galardonada historia de Ezio, regresa una ampliada experiencia multijugador en l\u00ednea mejorada con m\u00e1s modos, m\u00e1s mapas y m\u00e1s personajes, permiti\u00e9ndote probar tus habilidades asesinas contra otros de todo el mundo.\" \/>\n<meta property=\"og:url\" content=\"https:\/\/ggchile.cl\/store\/product\/assassins-creed-revelations\/\" \/>\n<meta property=\"og:site_name\" content=\"GGstore Chile\" \/>\n<meta property=\"article:modified_time\" content=\"2021-11-20T12:31:40+00:00\" \/>\n<meta property=\"og:image\" content=\"https:\/\/ggchile.cl\/store\/wp-content\/uploads\/2021\/11\/Assassins_Creed_Revelations_Cover.jpg\" \/>\n\t<meta property=\"og:image:width\" content=\"250\" \/>\n\t<meta property=\"og:image:height\" content=\"340\" \/>\n\t<meta property=\"og:image:type\" content=\"image\/jpeg\" \/>\n<meta name=\"twitter:card\" content=\"summary_large_image\" \/>\n<meta name=\"twitter:label1\" content=\"Tiempo de lectura\" \/>\n\t<meta name=\"twitter:data1\" content=\"2 minutos\" \/>\n<script type=\"application\/ld+json\" class=\"yoast-schema-graph\">{\"@context\":\"https:\/\/schema.org\",\"@graph\":[{\"@type\":\"WebPage\",\"@id\":\"https:\/\/ggchile.cl\/store\/product\/assassins-creed-revelations\/\",\"url\":\"https:\/\/ggchile.cl\/store\/product\/assassins-creed-revelations\/\",\"name\":\"Assassin's Creed: Revelations - GGstore Chile\",\"isPartOf\":{\"@id\":\"https:\/\/ggchile.cl\/store\/#website\"},\"primaryImageOfPage\":{\"@id\":\"https:\/\/ggchile.cl\/store\/product\/assassins-creed-revelations\/#primaryimage\"},\"image\":{\"@id\":\"https:\/\/ggchile.cl\/store\/product\/assassins-creed-revelations\/#primaryimage\"},\"thumbnailUrl\":\"https:\/\/i0.wp.com\/ggchile.cl\/store\/wp-content\/uploads\/2021\/11\/Assassins_Creed_Revelations_Cover.jpg?fit=250%2C340&ssl=1\",\"datePublished\":\"2021-11-20T12:31:39+00:00\",\"dateModified\":\"2021-11-20T12:31:40+00:00\",\"description\":\"Cuando un hombre ha ganado todas sus batallas y derrotado a sus enemigos, \u00bfqu\u00e9 le queda por conseguir? Ezio Auditore deber\u00e1 dejar atr\u00e1s su vida en busca de respuestas, en busca de la verdad.En Assassin\u2019s Creed\u00ae Revelations, el maestro asesino Ezio Auditore sigue los pasos del legendario mentor Altair en un viaje de descubrimiento y revelaciones. Es un camino peligroso, uno que llevar\u00e1 a Ezio a Constantinopla, el coraz\u00f3n del Imperio Otomano, donde un ej\u00e9rcito cada vez m\u00e1s grande de templarios amenaza con desestabilizar la regi\u00f3n.Adem\u00e1s de la galardonada historia de Ezio, regresa una ampliada experiencia multijugador en l\u00ednea mejorada con m\u00e1s modos, m\u00e1s mapas y m\u00e1s personajes, permiti\u00e9ndote probar tus habilidades asesinas contra otros de todo el mundo.\",\"breadcrumb\":{\"@id\":\"https:\/\/ggchile.cl\/store\/product\/assassins-creed-revelations\/#breadcrumb\"},\"inLanguage\":\"es\",\"potentialAction\":[{\"@type\":\"ReadAction\",\"target\":[\"https:\/\/ggchile.cl\/store\/product\/assassins-creed-revelations\/\"]}]},{\"@type\":\"ImageObject\",\"inLanguage\":\"es\",\"@id\":\"https:\/\/ggchile.cl\/store\/product\/assassins-creed-revelations\/#primaryimage\",\"url\":\"https:\/\/i0.wp.com\/ggchile.cl\/store\/wp-content\/uploads\/2021\/11\/Assassins_Creed_Revelations_Cover.jpg?fit=250%2C340&ssl=1\",\"contentUrl\":\"https:\/\/i0.wp.com\/ggchile.cl\/store\/wp-content\/uploads\/2021\/11\/Assassins_Creed_Revelations_Cover.jpg?fit=250%2C340&ssl=1\",\"width\":250,\"height\":340},{\"@type\":\"BreadcrumbList\",\"@id\":\"https:\/\/ggchile.cl\/store\/product\/assassins-creed-revelations\/#breadcrumb\",\"itemListElement\":[{\"@type\":\"ListItem\",\"position\":1,\"name\":\"Home\",\"item\":\"https:\/\/ggchile.cl\/store\/\"},{\"@type\":\"ListItem\",\"position\":2,\"name\":\"Shop\",\"item\":\"https:\/\/ggchile.cl\/store\/shop-2\/\"},{\"@type\":\"ListItem\",\"position\":3,\"name\":\"Assassin&#8217;s Creed: Revelations\"}]},{\"@type\":\"WebSite\",\"@id\":\"https:\/\/ggchile.cl\/store\/#website\",\"url\":\"https:\/\/ggchile.cl\/store\/\",\"name\":\"GGstore Chile\",\"description\":\"TU Tienda de juegos digitales!\",\"publisher\":{\"@id\":\"https:\/\/ggchile.cl\/store\/#organization\"},\"potentialAction\":[{\"@type\":\"SearchAction\",\"target\":{\"@type\":\"EntryPoint\",\"urlTemplate\":\"https:\/\/ggchile.cl\/store\/?s={search_term_string}\"},\"query-input\":{\"@type\":\"PropertyValueSpecification\",\"valueRequired\":true,\"valueName\":\"search_term_string\"}}],\"inLanguage\":\"es\"},{\"@type\":\"Organization\",\"@id\":\"https:\/\/ggchile.cl\/store\/#organization\",\"name\":\"GGstore Chile\",\"url\":\"https:\/\/ggchile.cl\/store\/\",\"logo\":{\"@type\":\"ImageObject\",\"inLanguage\":\"es\",\"@id\":\"https:\/\/ggchile.cl\/store\/#\/schema\/logo\/image\/\",\"url\":\"https:\/\/i0.wp.com\/ggchile.cl\/store\/wp-content\/uploads\/2021\/11\/cropped-icon.png?fit=400%2C400&ssl=1\",\"contentUrl\":\"https:\/\/i0.wp.com\/ggchile.cl\/store\/wp-content\/uploads\/2021\/11\/cropped-icon.png?fit=400%2C400&ssl=1\",\"width\":400,\"height\":400,\"caption\":\"GGstore Chile\"},\"image\":{\"@id\":\"https:\/\/ggchile.cl\/store\/#\/schema\/logo\/image\/\"}}]}<\/script>\n<!-- \/ Yoast SEO plugin. -->","yoast_head_json":{"title":"Assassin's Creed: Revelations - GGstore Chile","description":"Cuando un hombre ha ganado todas sus batallas y derrotado a sus enemigos, \u00bfqu\u00e9 le queda por conseguir? Ezio Auditore deber\u00e1 dejar atr\u00e1s su vida en busca de respuestas, en busca de la verdad.En Assassin\u2019s Creed\u00ae Revelations, el maestro asesino Ezio Auditore sigue los pasos del legendario mentor Altair en un viaje de descubrimiento y revelaciones. Es un camino peligroso, uno que llevar\u00e1 a Ezio a Constantinopla, el coraz\u00f3n del Imperio Otomano, donde un ej\u00e9rcito cada vez m\u00e1s grande de templarios amenaza con desestabilizar la regi\u00f3n.Adem\u00e1s de la galardonada historia de Ezio, regresa una ampliada experiencia multijugador en l\u00ednea mejorada con m\u00e1s modos, m\u00e1s mapas y m\u00e1s personajes, permiti\u00e9ndote probar tus habilidades asesinas contra otros de todo el mundo.","robots":{"index":"index","follow":"follow","max-snippet":"max-snippet:-1","max-image-preview":"max-image-preview:large","max-video-preview":"max-video-preview:-1"},"canonical":"https:\/\/ggchile.cl\/store\/product\/assassins-creed-revelations\/","og_locale":"es_ES","og_type":"article","og_title":"Assassin's Creed: Revelations - GGstore Chile","og_description":"Cuando un hombre ha ganado todas sus batallas y derrotado a sus enemigos, \u00bfqu\u00e9 le queda por conseguir? Ezio Auditore deber\u00e1 dejar atr\u00e1s su vida en busca de respuestas, en busca de la verdad.En Assassin\u2019s Creed\u00ae Revelations, el maestro asesino Ezio Auditore sigue los pasos del legendario mentor Altair en un viaje de descubrimiento y revelaciones. Es un camino peligroso, uno que llevar\u00e1 a Ezio a Constantinopla, el coraz\u00f3n del Imperio Otomano, donde un ej\u00e9rcito cada vez m\u00e1s grande de templarios amenaza con desestabilizar la regi\u00f3n.Adem\u00e1s de la galardonada historia de Ezio, regresa una ampliada experiencia multijugador en l\u00ednea mejorada con m\u00e1s modos, m\u00e1s mapas y m\u00e1s personajes, permiti\u00e9ndote probar tus habilidades asesinas contra otros de todo el mundo.","og_url":"https:\/\/ggchile.cl\/store\/product\/assassins-creed-revelations\/","og_site_name":"GGstore Chile","article_modified_time":"2021-11-20T12:31:40+00:00","og_image":[{"width":250,"height":340,"url":"https:\/\/ggchile.cl\/store\/wp-content\/uploads\/2021\/11\/Assassins_Creed_Revelations_Cover.jpg","type":"image\/jpeg"}],"twitter_card":"summary_large_image","twitter_misc":{"Tiempo de lectura":"2 minutos"},"schema":{"@context":"https:\/\/schema.org","@graph":[{"@type":"WebPage","@id":"https:\/\/ggchile.cl\/store\/product\/assassins-creed-revelations\/","url":"https:\/\/ggchile.cl\/store\/product\/assassins-creed-revelations\/","name":"Assassin's Creed: Revelations - GGstore Chile","isPartOf":{"@id":"https:\/\/ggchile.cl\/store\/#website"},"primaryImageOfPage":{"@id":"https:\/\/ggchile.cl\/store\/product\/assassins-creed-revelations\/#primaryimage"},"image":{"@id":"https:\/\/ggchile.cl\/store\/product\/assassins-creed-revelations\/#primaryimage"},"thumbnailUrl":"https:\/\/i0.wp.com\/ggchile.cl\/store\/wp-content\/uploads\/2021\/11\/Assassins_Creed_Revelations_Cover.jpg?fit=250%2C340&ssl=1","datePublished":"2021-11-20T12:31:39+00:00","dateModified":"2021-11-20T12:31:40+00:00","description":"Cuando un hombre ha ganado todas sus batallas y derrotado a sus enemigos, \u00bfqu\u00e9 le queda por conseguir? Ezio Auditore deber\u00e1 dejar atr\u00e1s su vida en busca de respuestas, en busca de la verdad.En Assassin\u2019s Creed\u00ae Revelations, el maestro asesino Ezio Auditore sigue los pasos del legendario mentor Altair en un viaje de descubrimiento y revelaciones. Es un camino peligroso, uno que llevar\u00e1 a Ezio a Constantinopla, el coraz\u00f3n del Imperio Otomano, donde un ej\u00e9rcito cada vez m\u00e1s grande de templarios amenaza con desestabilizar la regi\u00f3n.Adem\u00e1s de la galardonada historia de Ezio, regresa una ampliada experiencia multijugador en l\u00ednea mejorada con m\u00e1s modos, m\u00e1s mapas y m\u00e1s personajes, permiti\u00e9ndote probar tus habilidades asesinas contra otros de todo el mundo.","breadcrumb":{"@id":"https:\/\/ggchile.cl\/store\/product\/assassins-creed-revelations\/#breadcrumb"},"inLanguage":"es","potentialAction":[{"@type":"ReadAction","target":["https:\/\/ggchile.cl\/store\/product\/assassins-creed-revelations\/"]}]},{"@type":"ImageObject","inLanguage":"es","@id":"https:\/\/ggchile.cl\/store\/product\/assassins-creed-revelations\/#primaryimage","url":"https:\/\/i0.wp.com\/ggchile.cl\/store\/wp-content\/uploads\/2021\/11\/Assassins_Creed_Revelations_Cover.jpg?fit=250%2C340&ssl=1","contentUrl":"https:\/\/i0.wp.com\/ggchile.cl\/store\/wp-content\/uploads\/2021\/11\/Assassins_Creed_Revelations_Cover.jpg?fit=250%2C340&ssl=1","width":250,"height":340},{"@type":"BreadcrumbList","@id":"https:\/\/ggchile.cl\/store\/product\/assassins-creed-revelations\/#breadcrumb","itemListElement":[{"@type":"ListItem","position":1,"name":"Home","item":"https:\/\/ggchile.cl\/store\/"},{"@type":"ListItem","position":2,"name":"Shop","item":"https:\/\/ggchile.cl\/store\/shop-2\/"},{"@type":"ListItem","position":3,"name":"Assassin&#8217;s Creed: Revelations"}]},{"@type":"WebSite","@id":"https:\/\/ggchile.cl\/store\/#website","url":"https:\/\/ggchile.cl\/store\/","name":"GGstore Chile","description":"TU Tienda de juegos digitales!","publisher":{"@id":"https:\/\/ggchile.cl\/store\/#organization"},"potentialAction":[{"@type":"SearchAction","target":{"@type":"EntryPoint","urlTemplate":"https:\/\/ggchile.cl\/store\/?s={search_term_string}"},"query-input":{"@type":"PropertyValueSpecification","valueRequired":true,"valueName":"search_term_string"}}],"inLanguage":"es"},{"@type":"Organization","@id":"https:\/\/ggchile.cl\/store\/#organization","name":"GGstore Chile","url":"https:\/\/ggchile.cl\/store\/","logo":{"@type":"ImageObject","inLanguage":"es","@id":"https:\/\/ggchile.cl\/store\/#\/schema\/logo\/image\/","url":"https:\/\/i0.wp.com\/ggchile.cl\/store\/wp-content\/uploads\/2021\/11\/cropped-icon.png?fit=400%2C400&ssl=1","contentUrl":"https:\/\/i0.wp.com\/ggchile.cl\/store\/wp-content\/uploads\/2021\/11\/cropped-icon.png?fit=400%2C400&ssl=1","width":400,"height":400,"caption":"GGstore Chile"},"image":{"@id":"https:\/\/ggchile.cl\/store\/#\/schema\/logo\/image\/"}}]}},"jetpack_sharing_enabled":true,"jetpack-related-posts":[],"_links":{"self":[{"href":"https:\/\/ggchile.cl\/store\/wp-json\/wp\/v2\/product\/5214","targetHints":{"allow":["GET"]}}],"collection":[{"href":"https:\/\/ggchile.cl\/store\/wp-json\/wp\/v2\/product"}],"about":[{"href":"https:\/\/ggchile.cl\/store\/wp-json\/wp\/v2\/types\/product"}],"replies":[{"embeddable":true,"href":"https:\/\/ggchile.cl\/store\/wp-json\/wp\/v2\/comments?post=5214"}],"wp:featuredmedia":[{"embeddable":true,"href":"https:\/\/ggchile.cl\/store\/wp-json\/wp\/v2\/media\/5215"}],"wp:attachment":[{"href":"https:\/\/ggchile.cl\/store\/wp-json\/wp\/v2\/media?parent=5214"}],"wp:term":[{"taxonomy":"product_brand","embeddable":true,"href":"https:\/\/ggchile.cl\/store\/wp-json\/wp\/v2\/product_brand?post=5214"},{"taxonomy":"product_cat","embeddable":true,"href":"https:\/\/ggchile.cl\/store\/wp-json\/wp\/v2\/product_cat?post=5214"},{"taxonomy":"product_tag","embeddable":true,"href":"https:\/\/ggchile.cl\/store\/wp-json\/wp\/v2\/product_tag?post=5214"}],"curies":[{"name":"wp","href":"https:\/\/api.w.org\/{rel}","templated":true}]}}