{"id":5216,"date":"2021-11-20T12:36:19","date_gmt":"2021-11-20T12:36:19","guid":{"rendered":"https:\/\/ggchile.cl\/store\/?post_type=product&#038;p=5216"},"modified":"2021-11-20T12:37:05","modified_gmt":"2021-11-20T12:37:05","slug":"assassins-creed-rogue","status":"publish","type":"product","link":"https:\/\/ggchile.cl\/store\/product\/assassins-creed-rogue\/","title":{"rendered":"Assassin&#8217;s Creed: Rogue"},"content":{"rendered":"<p>Siglo XVIII. Am\u00e9rica del Norte. Entre el caos y la violencia de la Guerra franco-india, Shay Patrick Cormac, un joven y valiente miembro de la orden de los Assassin, experimenta una oscura transformaci\u00f3n que afectar\u00e1 de forma definitiva al devenir de la Hermandad. Tras una dura pelea por una misi\u00f3n que fracasa tr\u00e1gicamente, Shay decide acabar con todos aquellos que le traicionaron y convertirse por tanto en el cazador de Assasins m\u00e1s temido de la historia.<\/p>\n<p>Presentamos Assassin\u2019s Creed Rogue, el cap\u00edtulo m\u00e1s oscuro de la franquicia Assassin&#8217;s Creed hasta la fecha. Vivir\u00e1s en la piel de Shay la lenta transformaci\u00f3n que le llevar\u00e1 de ser un Assassin a un cazador de Assassins. Sigue tu propio credo y emprende un extraordinario viaje en el que recorrer\u00e1s la ciudad de Nueva York, valles y r\u00edos en plena naturaleza salvaje, hasta llegar a las heladas aguas del oc\u00e9ano Atl\u00e1ntico Norte en busca de tu gran objetivo: acabar con los Assassins.<\/p>\n<ul class=\"bb_ul\">\n<li><strong>Convi\u00e9rtete en el cazador de Assassins definitivo<\/strong>\u00a0&#8211; Experimenta por primera vez el universo de Assassin&#8217;s Creed desde la perspectiva de un Templario. Adopta el rol de Shay, quien adem\u00e1s de sus letales habilidades como Maestro Assassin posee tambi\u00e9n habilidades y armas nunca vistas hasta hoy:<br \/>\no Usa el letal rifle de aire de Shay en combates de corto y largo alcance. Distrae, elimina o confunde a tus enemigos usando distintos tipos de munici\u00f3n, incluyendo balas y granadas especiales.<br \/>\no Prot\u00e9gete de los Assassins ocultos entre la multitud con tu vista del \u00e1guila mejorada. Usa tu vista del \u00e1guila para controlar en todo momento el espacio a tu alrededor y detecta a los Assassins ocultos en las sombras, en los tejados, o entre la gente.<\/li>\n<li><strong>Ad\u00e9ntrate lentamente en la Oscuridad<\/strong>\u00a0&#8211; S\u00e9 testigo de la transformaci\u00f3n de Shay, de un Assassin fiel seguidor del credo a un sombr\u00edo y entregado templario. Experimenta en primera persona todas las vivencias que har\u00e1n tomar a Shay un oscuro camino hacia una maldici\u00f3n que cambiar\u00e1 para siempre el destino de la Hermandad de los Assassins.<\/li>\n<li><strong>Estilo de juego naval nuevo y mejorado<\/strong>\u00a0&#8211; Zarpa con tu nav\u00edo, el Morrigan, y \u00e1brete camino a trav\u00e9s de los mares helados del Atl\u00e1ntico Norte y las estrechas aguas de los r\u00edos de los valles norteamericanos. Assassin\u2019s Creed\u00ae Rogue contin\u00faa la premiada experiencia naval de Assassin\u2019s Creed\u00ae IV Black Flag\u2122 con nuevas mec\u00e1nicas de juego que incluyen:<br \/>\no Nuevas t\u00e1cticas enemigas: defi\u00e9ndete de las maniobras de abordaje de los Assassins cuando intenten atacar tu barco y derrotar a tus hombres. Lucha r\u00e1pidamente contra ellos para evitar perder a muchos miembros de tu tripulaci\u00f3n.<br \/>\no Dispondr\u00e1s de nuevas armas, como el aceite hirviendo que deja tras de s\u00ed un reguero de fuego con el que quemar\u00e1s a los barcos enemigos, o la ametralladora Puckle, capaz de mantener un fuego sostenido devastador.<br \/>\no Aprov\u00e9chate de los hielos \u00e1rticos para ganar ventaja: destruye icebergs para encontrar m\u00e1s botines o embiste placas de hielo para dejar atr\u00e1s a los barcos enemigos.<\/li>\n<li><strong>Un enorme y variado mundo abierto<\/strong>\u00a0&#8211; La historia de Shay te permitir\u00e1 explorar tres escenarios \u00fanicos:<br \/>\no El oc\u00e9ano Atl\u00e1ntico Norte. Experimenta los vientos helados y contempla los impresionantes icebergs \u00e1rticos en este nuevo escenario de combate naval.<br \/>\no El Valle del R\u00edo. Un escenario h\u00edbrido de la frontera nativa americana que combina la navegaci\u00f3n sin l\u00edmites por los r\u00edos y la exploraci\u00f3n del terreno que los rodea.<br \/>\no La ciudad de Nueva York. Una de las m\u00e1s conocidas del mundo, recreada al detalle tal y como era en el siglo XVIII.<\/li>\n<\/ul>\n","protected":false},"excerpt":{"rendered":"<p>Siglo XVIII. Am\u00e9rica del Norte. Entre el caos y la violencia de la Guerra franco-india, Shay Patrick Cormac, un joven y valiente miembro de la orden de los Assassin, experimenta<\/p>\n","protected":false},"featured_media":5217,"comment_status":"open","ping_status":"closed","template":"","meta":[],"product_brand":[],"product_cat":[234,232,226],"product_tag":[],"class_list":{"0":"post-5216","1":"product","2":"type-product","3":"status-publish","4":"has-post-thumbnail","6":"product_cat-accion-y-aventura","7":"product_cat-playstation","8":"product_cat-playstation-3","10":"first","11":"instock","12":"sale","13":"shipping-taxable","14":"purchasable","15":"product-type-simple"},"yoast_head":"<!-- This site is optimized with the Yoast SEO plugin v26.9 - https:\/\/yoast.com\/product\/yoast-seo-wordpress\/ -->\n<title>Assassin&#039;s Creed: Rogue - GGstore Chile<\/title>\n<meta name=\"description\" content=\"Siglo XVIII. Am\u00e9rica del Norte. Entre el caos y la violencia de la Guerra franco-india, Shay Patrick Cormac, un joven y valiente miembro de la orden de los Assassin, experimenta una oscura transformaci\u00f3n que afectar\u00e1 de forma definitiva al devenir de la Hermandad. Tras una dura pelea por una misi\u00f3n que fracasa tr\u00e1gicamente, Shay decide acabar con todos aquellos que le traicionaron y convertirse por tanto en el cazador de Assasins m\u00e1s temido de la historia.\" \/>\n<meta name=\"robots\" content=\"index, follow, max-snippet:-1, max-image-preview:large, max-video-preview:-1\" \/>\n<link rel=\"canonical\" href=\"https:\/\/ggchile.cl\/store\/product\/assassins-creed-rogue\/\" \/>\n<meta property=\"og:locale\" content=\"es_ES\" \/>\n<meta property=\"og:type\" content=\"article\" \/>\n<meta property=\"og:title\" content=\"Assassin&#039;s Creed: Rogue - GGstore Chile\" \/>\n<meta property=\"og:description\" content=\"Siglo XVIII. Am\u00e9rica del Norte. Entre el caos y la violencia de la Guerra franco-india, Shay Patrick Cormac, un joven y valiente miembro de la orden de los Assassin, experimenta una oscura transformaci\u00f3n que afectar\u00e1 de forma definitiva al devenir de la Hermandad. Tras una dura pelea por una misi\u00f3n que fracasa tr\u00e1gicamente, Shay decide acabar con todos aquellos que le traicionaron y convertirse por tanto en el cazador de Assasins m\u00e1s temido de la historia.\" \/>\n<meta property=\"og:url\" content=\"https:\/\/ggchile.cl\/store\/product\/assassins-creed-rogue\/\" \/>\n<meta property=\"og:site_name\" content=\"GGstore Chile\" \/>\n<meta property=\"article:modified_time\" content=\"2021-11-20T12:37:05+00:00\" \/>\n<meta property=\"og:image\" content=\"https:\/\/ggchile.cl\/store\/wp-content\/uploads\/2021\/11\/juego-uplay-assassins-creed-rogue-cover.jpg\" \/>\n\t<meta property=\"og:image:width\" content=\"271\" \/>\n\t<meta property=\"og:image:height\" content=\"377\" \/>\n\t<meta property=\"og:image:type\" content=\"image\/jpeg\" \/>\n<meta name=\"twitter:card\" content=\"summary_large_image\" \/>\n<meta name=\"twitter:label1\" content=\"Tiempo de lectura\" \/>\n\t<meta name=\"twitter:data1\" content=\"3 minutos\" \/>\n<script type=\"application\/ld+json\" class=\"yoast-schema-graph\">{\"@context\":\"https:\/\/schema.org\",\"@graph\":[{\"@type\":\"WebPage\",\"@id\":\"https:\/\/ggchile.cl\/store\/product\/assassins-creed-rogue\/\",\"url\":\"https:\/\/ggchile.cl\/store\/product\/assassins-creed-rogue\/\",\"name\":\"Assassin's Creed: Rogue - GGstore Chile\",\"isPartOf\":{\"@id\":\"https:\/\/ggchile.cl\/store\/#website\"},\"primaryImageOfPage\":{\"@id\":\"https:\/\/ggchile.cl\/store\/product\/assassins-creed-rogue\/#primaryimage\"},\"image\":{\"@id\":\"https:\/\/ggchile.cl\/store\/product\/assassins-creed-rogue\/#primaryimage\"},\"thumbnailUrl\":\"https:\/\/i0.wp.com\/ggchile.cl\/store\/wp-content\/uploads\/2021\/11\/juego-uplay-assassins-creed-rogue-cover.jpg?fit=271%2C377&ssl=1\",\"datePublished\":\"2021-11-20T12:36:19+00:00\",\"dateModified\":\"2021-11-20T12:37:05+00:00\",\"description\":\"Siglo XVIII. Am\u00e9rica del Norte. Entre el caos y la violencia de la Guerra franco-india, Shay Patrick Cormac, un joven y valiente miembro de la orden de los Assassin, experimenta una oscura transformaci\u00f3n que afectar\u00e1 de forma definitiva al devenir de la Hermandad. Tras una dura pelea por una misi\u00f3n que fracasa tr\u00e1gicamente, Shay decide acabar con todos aquellos que le traicionaron y convertirse por tanto en el cazador de Assasins m\u00e1s temido de la historia.\",\"breadcrumb\":{\"@id\":\"https:\/\/ggchile.cl\/store\/product\/assassins-creed-rogue\/#breadcrumb\"},\"inLanguage\":\"es\",\"potentialAction\":[{\"@type\":\"ReadAction\",\"target\":[\"https:\/\/ggchile.cl\/store\/product\/assassins-creed-rogue\/\"]}]},{\"@type\":\"ImageObject\",\"inLanguage\":\"es\",\"@id\":\"https:\/\/ggchile.cl\/store\/product\/assassins-creed-rogue\/#primaryimage\",\"url\":\"https:\/\/i0.wp.com\/ggchile.cl\/store\/wp-content\/uploads\/2021\/11\/juego-uplay-assassins-creed-rogue-cover.jpg?fit=271%2C377&ssl=1\",\"contentUrl\":\"https:\/\/i0.wp.com\/ggchile.cl\/store\/wp-content\/uploads\/2021\/11\/juego-uplay-assassins-creed-rogue-cover.jpg?fit=271%2C377&ssl=1\",\"width\":271,\"height\":377},{\"@type\":\"BreadcrumbList\",\"@id\":\"https:\/\/ggchile.cl\/store\/product\/assassins-creed-rogue\/#breadcrumb\",\"itemListElement\":[{\"@type\":\"ListItem\",\"position\":1,\"name\":\"Home\",\"item\":\"https:\/\/ggchile.cl\/store\/\"},{\"@type\":\"ListItem\",\"position\":2,\"name\":\"Shop\",\"item\":\"https:\/\/ggchile.cl\/store\/shop-2\/\"},{\"@type\":\"ListItem\",\"position\":3,\"name\":\"Assassin&#8217;s Creed: Rogue\"}]},{\"@type\":\"WebSite\",\"@id\":\"https:\/\/ggchile.cl\/store\/#website\",\"url\":\"https:\/\/ggchile.cl\/store\/\",\"name\":\"GGstore Chile\",\"description\":\"TU Tienda de juegos digitales!\",\"publisher\":{\"@id\":\"https:\/\/ggchile.cl\/store\/#organization\"},\"potentialAction\":[{\"@type\":\"SearchAction\",\"target\":{\"@type\":\"EntryPoint\",\"urlTemplate\":\"https:\/\/ggchile.cl\/store\/?s={search_term_string}\"},\"query-input\":{\"@type\":\"PropertyValueSpecification\",\"valueRequired\":true,\"valueName\":\"search_term_string\"}}],\"inLanguage\":\"es\"},{\"@type\":\"Organization\",\"@id\":\"https:\/\/ggchile.cl\/store\/#organization\",\"name\":\"GGstore Chile\",\"url\":\"https:\/\/ggchile.cl\/store\/\",\"logo\":{\"@type\":\"ImageObject\",\"inLanguage\":\"es\",\"@id\":\"https:\/\/ggchile.cl\/store\/#\/schema\/logo\/image\/\",\"url\":\"https:\/\/i0.wp.com\/ggchile.cl\/store\/wp-content\/uploads\/2021\/11\/cropped-icon.png?fit=400%2C400&ssl=1\",\"contentUrl\":\"https:\/\/i0.wp.com\/ggchile.cl\/store\/wp-content\/uploads\/2021\/11\/cropped-icon.png?fit=400%2C400&ssl=1\",\"width\":400,\"height\":400,\"caption\":\"GGstore Chile\"},\"image\":{\"@id\":\"https:\/\/ggchile.cl\/store\/#\/schema\/logo\/image\/\"}}]}<\/script>\n<!-- \/ Yoast SEO plugin. -->","yoast_head_json":{"title":"Assassin's Creed: Rogue - GGstore Chile","description":"Siglo XVIII. Am\u00e9rica del Norte. Entre el caos y la violencia de la Guerra franco-india, Shay Patrick Cormac, un joven y valiente miembro de la orden de los Assassin, experimenta una oscura transformaci\u00f3n que afectar\u00e1 de forma definitiva al devenir de la Hermandad. Tras una dura pelea por una misi\u00f3n que fracasa tr\u00e1gicamente, Shay decide acabar con todos aquellos que le traicionaron y convertirse por tanto en el cazador de Assasins m\u00e1s temido de la historia.","robots":{"index":"index","follow":"follow","max-snippet":"max-snippet:-1","max-image-preview":"max-image-preview:large","max-video-preview":"max-video-preview:-1"},"canonical":"https:\/\/ggchile.cl\/store\/product\/assassins-creed-rogue\/","og_locale":"es_ES","og_type":"article","og_title":"Assassin's Creed: Rogue - GGstore Chile","og_description":"Siglo XVIII. Am\u00e9rica del Norte. Entre el caos y la violencia de la Guerra franco-india, Shay Patrick Cormac, un joven y valiente miembro de la orden de los Assassin, experimenta una oscura transformaci\u00f3n que afectar\u00e1 de forma definitiva al devenir de la Hermandad. Tras una dura pelea por una misi\u00f3n que fracasa tr\u00e1gicamente, Shay decide acabar con todos aquellos que le traicionaron y convertirse por tanto en el cazador de Assasins m\u00e1s temido de la historia.","og_url":"https:\/\/ggchile.cl\/store\/product\/assassins-creed-rogue\/","og_site_name":"GGstore Chile","article_modified_time":"2021-11-20T12:37:05+00:00","og_image":[{"width":271,"height":377,"url":"https:\/\/ggchile.cl\/store\/wp-content\/uploads\/2021\/11\/juego-uplay-assassins-creed-rogue-cover.jpg","type":"image\/jpeg"}],"twitter_card":"summary_large_image","twitter_misc":{"Tiempo de lectura":"3 minutos"},"schema":{"@context":"https:\/\/schema.org","@graph":[{"@type":"WebPage","@id":"https:\/\/ggchile.cl\/store\/product\/assassins-creed-rogue\/","url":"https:\/\/ggchile.cl\/store\/product\/assassins-creed-rogue\/","name":"Assassin's Creed: Rogue - GGstore Chile","isPartOf":{"@id":"https:\/\/ggchile.cl\/store\/#website"},"primaryImageOfPage":{"@id":"https:\/\/ggchile.cl\/store\/product\/assassins-creed-rogue\/#primaryimage"},"image":{"@id":"https:\/\/ggchile.cl\/store\/product\/assassins-creed-rogue\/#primaryimage"},"thumbnailUrl":"https:\/\/i0.wp.com\/ggchile.cl\/store\/wp-content\/uploads\/2021\/11\/juego-uplay-assassins-creed-rogue-cover.jpg?fit=271%2C377&ssl=1","datePublished":"2021-11-20T12:36:19+00:00","dateModified":"2021-11-20T12:37:05+00:00","description":"Siglo XVIII. Am\u00e9rica del Norte. Entre el caos y la violencia de la Guerra franco-india, Shay Patrick Cormac, un joven y valiente miembro de la orden de los Assassin, experimenta una oscura transformaci\u00f3n que afectar\u00e1 de forma definitiva al devenir de la Hermandad. Tras una dura pelea por una misi\u00f3n que fracasa tr\u00e1gicamente, Shay decide acabar con todos aquellos que le traicionaron y convertirse por tanto en el cazador de Assasins m\u00e1s temido de la historia.","breadcrumb":{"@id":"https:\/\/ggchile.cl\/store\/product\/assassins-creed-rogue\/#breadcrumb"},"inLanguage":"es","potentialAction":[{"@type":"ReadAction","target":["https:\/\/ggchile.cl\/store\/product\/assassins-creed-rogue\/"]}]},{"@type":"ImageObject","inLanguage":"es","@id":"https:\/\/ggchile.cl\/store\/product\/assassins-creed-rogue\/#primaryimage","url":"https:\/\/i0.wp.com\/ggchile.cl\/store\/wp-content\/uploads\/2021\/11\/juego-uplay-assassins-creed-rogue-cover.jpg?fit=271%2C377&ssl=1","contentUrl":"https:\/\/i0.wp.com\/ggchile.cl\/store\/wp-content\/uploads\/2021\/11\/juego-uplay-assassins-creed-rogue-cover.jpg?fit=271%2C377&ssl=1","width":271,"height":377},{"@type":"BreadcrumbList","@id":"https:\/\/ggchile.cl\/store\/product\/assassins-creed-rogue\/#breadcrumb","itemListElement":[{"@type":"ListItem","position":1,"name":"Home","item":"https:\/\/ggchile.cl\/store\/"},{"@type":"ListItem","position":2,"name":"Shop","item":"https:\/\/ggchile.cl\/store\/shop-2\/"},{"@type":"ListItem","position":3,"name":"Assassin&#8217;s Creed: Rogue"}]},{"@type":"WebSite","@id":"https:\/\/ggchile.cl\/store\/#website","url":"https:\/\/ggchile.cl\/store\/","name":"GGstore Chile","description":"TU Tienda de juegos digitales!","publisher":{"@id":"https:\/\/ggchile.cl\/store\/#organization"},"potentialAction":[{"@type":"SearchAction","target":{"@type":"EntryPoint","urlTemplate":"https:\/\/ggchile.cl\/store\/?s={search_term_string}"},"query-input":{"@type":"PropertyValueSpecification","valueRequired":true,"valueName":"search_term_string"}}],"inLanguage":"es"},{"@type":"Organization","@id":"https:\/\/ggchile.cl\/store\/#organization","name":"GGstore Chile","url":"https:\/\/ggchile.cl\/store\/","logo":{"@type":"ImageObject","inLanguage":"es","@id":"https:\/\/ggchile.cl\/store\/#\/schema\/logo\/image\/","url":"https:\/\/i0.wp.com\/ggchile.cl\/store\/wp-content\/uploads\/2021\/11\/cropped-icon.png?fit=400%2C400&ssl=1","contentUrl":"https:\/\/i0.wp.com\/ggchile.cl\/store\/wp-content\/uploads\/2021\/11\/cropped-icon.png?fit=400%2C400&ssl=1","width":400,"height":400,"caption":"GGstore Chile"},"image":{"@id":"https:\/\/ggchile.cl\/store\/#\/schema\/logo\/image\/"}}]}},"jetpack_sharing_enabled":true,"jetpack-related-posts":[],"_links":{"self":[{"href":"https:\/\/ggchile.cl\/store\/wp-json\/wp\/v2\/product\/5216","targetHints":{"allow":["GET"]}}],"collection":[{"href":"https:\/\/ggchile.cl\/store\/wp-json\/wp\/v2\/product"}],"about":[{"href":"https:\/\/ggchile.cl\/store\/wp-json\/wp\/v2\/types\/product"}],"replies":[{"embeddable":true,"href":"https:\/\/ggchile.cl\/store\/wp-json\/wp\/v2\/comments?post=5216"}],"wp:featuredmedia":[{"embeddable":true,"href":"https:\/\/ggchile.cl\/store\/wp-json\/wp\/v2\/media\/5217"}],"wp:attachment":[{"href":"https:\/\/ggchile.cl\/store\/wp-json\/wp\/v2\/media?parent=5216"}],"wp:term":[{"taxonomy":"product_brand","embeddable":true,"href":"https:\/\/ggchile.cl\/store\/wp-json\/wp\/v2\/product_brand?post=5216"},{"taxonomy":"product_cat","embeddable":true,"href":"https:\/\/ggchile.cl\/store\/wp-json\/wp\/v2\/product_cat?post=5216"},{"taxonomy":"product_tag","embeddable":true,"href":"https:\/\/ggchile.cl\/store\/wp-json\/wp\/v2\/product_tag?post=5216"}],"curies":[{"name":"wp","href":"https:\/\/api.w.org\/{rel}","templated":true}]}}