{"id":5230,"date":"2021-11-20T12:47:00","date_gmt":"2021-11-20T12:47:00","guid":{"rendered":"https:\/\/ggchile.cl\/store\/?post_type=product&#038;p=5230"},"modified":"2021-11-20T12:47:00","modified_gmt":"2021-11-20T12:47:00","slug":"battlefield-hardline","status":"publish","type":"product","link":"https:\/\/ggchile.cl\/store\/product\/battlefield-hardline\/","title":{"rendered":"Battlefield Hardline"},"content":{"rendered":"<p>\u00danete al atraco como un profesional.<\/p>\n<p>Hay un cami\u00f3n blindado lleno de dinero abandonado en un aparcamiento, y solo dispones de segundos para meter tanto dinero como puedas en la mochila antes de que llegue la polic\u00eda. Algunos billetes revolotean cuando sales pitando hacia los ascensores. Cuando llegas al tejado, un compa\u00f1ero salta a la tirolina, pero t\u00fa eliges un camino m\u00e1s directo y te tiras en picado desde el borde del edificio. Tu paraca\u00eddas se abre. Las balas pasan demasiado cerca. Aterrizas sobre el pavimento y corres a toda velocidad hacia la furgoneta de huida. Las sirenas resuenan estrepitosamente. La poli viene de camino. Y es entonces cuando ves c\u00f3mo la gr\u00faa se derrumba. As\u00ed es un d\u00eda en la vida de un jugador de Battlefield Hardline.<\/p>\n<p>Dram\u00e1tica campa\u00f1a de polic\u00edas contra criminales. La historia para un jugador de Hardline, dise\u00f1ada por los narradores de Visceral, desarrolladores de la trilog\u00eda Dead Space, te pone en la piel del detective Nick Mendoza en una serie policiaca por episodios. Dirige a tu equipo y utiliza nuevas t\u00e1cticas para conseguir informaci\u00f3n, obtener \u00f3rdenes de b\u00fasqueda y efectuar arrestos no letales.<\/p>\n<p>El Battlefield m\u00e1s r\u00e1pido de la historia. Los conflictos militares dan paso a encuentros criminales para que puedas vivir Battlefield desde ambos lados de la ley. Da el golpe perfecto y usa la tirolina para saltar de un edificio a otro y escapar con el dinero&#8230; o persigue a los delincuentes en intensas y trepidantes persecuciones y acaba con ellos. Est\u00e9s en el bando que est\u00e9s, la acci\u00f3n te mantendr\u00e1 alerta. Se trata de una verdadera experiencia de Battlefield. Si\u00e9ntete como en casa con entornos destruibles, armas modernas, veh\u00edculos de alto rendimiento y batallas masivas.<\/p>\n<p>Nuevos modos, dispositivos y estrategias. Battlefield Hardline presenta cuatro nuevos modos de juego, pero mantiene intactos los cl\u00e1sicos, como Conquista. Roba dinero de camiones blindados y escapa en Atraco; lucha por el control de un bot\u00edn en Dinero sangriento; persigue delincuentes a gran velocidad en Puente; y salva a los rehenes en Rescate. Los nuevos dispositivos, como el gancho de arpeo y la tirolina, cambiar\u00e1n tu forma de jugar.<\/p>\n","protected":false},"excerpt":{"rendered":"<p>\u00danete al atraco como un profesional. Hay un cami\u00f3n blindado lleno de dinero abandonado en un aparcamiento, y solo dispones de segundos para meter tanto dinero como puedas en la<\/p>\n","protected":false},"featured_media":0,"comment_status":"open","ping_status":"closed","template":"","meta":[],"product_brand":[],"product_cat":[234,236,232,226],"product_tag":[],"class_list":{"0":"post-5230","1":"product","2":"type-product","3":"status-publish","5":"product_cat-accion-y-aventura","6":"product_cat-pantalla-dividida","7":"product_cat-playstation","8":"product_cat-playstation-3","10":"first","11":"instock","12":"shipping-taxable","13":"purchasable","14":"product-type-simple"},"yoast_head":"<!-- This site is optimized with the Yoast SEO plugin v26.9 - https:\/\/yoast.com\/product\/yoast-seo-wordpress\/ -->\n<title>Battlefield Hardline - GGstore Chile<\/title>\n<meta name=\"robots\" content=\"index, follow, max-snippet:-1, max-image-preview:large, max-video-preview:-1\" \/>\n<link rel=\"canonical\" href=\"https:\/\/ggchile.cl\/store\/product\/battlefield-hardline\/\" \/>\n<meta property=\"og:locale\" content=\"es_ES\" \/>\n<meta property=\"og:type\" content=\"article\" \/>\n<meta property=\"og:title\" content=\"Battlefield Hardline - GGstore Chile\" \/>\n<meta property=\"og:description\" content=\"\u00danete al atraco como un profesional. Hay un cami\u00f3n blindado lleno de dinero abandonado en un aparcamiento, y solo dispones de segundos para meter tanto dinero como puedas en la\" \/>\n<meta property=\"og:url\" content=\"https:\/\/ggchile.cl\/store\/product\/battlefield-hardline\/\" \/>\n<meta property=\"og:site_name\" content=\"GGstore Chile\" \/>\n<meta name=\"twitter:card\" content=\"summary_large_image\" \/>\n<meta name=\"twitter:label1\" content=\"Tiempo de lectura\" \/>\n\t<meta name=\"twitter:data1\" content=\"2 minutos\" \/>\n<script type=\"application\/ld+json\" class=\"yoast-schema-graph\">{\"@context\":\"https:\/\/schema.org\",\"@graph\":[{\"@type\":\"WebPage\",\"@id\":\"https:\/\/ggchile.cl\/store\/product\/battlefield-hardline\/\",\"url\":\"https:\/\/ggchile.cl\/store\/product\/battlefield-hardline\/\",\"name\":\"Battlefield Hardline - GGstore Chile\",\"isPartOf\":{\"@id\":\"https:\/\/ggchile.cl\/store\/#website\"},\"datePublished\":\"2021-11-20T12:47:00+00:00\",\"breadcrumb\":{\"@id\":\"https:\/\/ggchile.cl\/store\/product\/battlefield-hardline\/#breadcrumb\"},\"inLanguage\":\"es\",\"potentialAction\":[{\"@type\":\"ReadAction\",\"target\":[\"https:\/\/ggchile.cl\/store\/product\/battlefield-hardline\/\"]}]},{\"@type\":\"BreadcrumbList\",\"@id\":\"https:\/\/ggchile.cl\/store\/product\/battlefield-hardline\/#breadcrumb\",\"itemListElement\":[{\"@type\":\"ListItem\",\"position\":1,\"name\":\"Home\",\"item\":\"https:\/\/ggchile.cl\/store\/\"},{\"@type\":\"ListItem\",\"position\":2,\"name\":\"Shop\",\"item\":\"https:\/\/ggchile.cl\/store\/shop-2\/\"},{\"@type\":\"ListItem\",\"position\":3,\"name\":\"Battlefield Hardline\"}]},{\"@type\":\"WebSite\",\"@id\":\"https:\/\/ggchile.cl\/store\/#website\",\"url\":\"https:\/\/ggchile.cl\/store\/\",\"name\":\"GGstore Chile\",\"description\":\"TU Tienda de juegos digitales!\",\"publisher\":{\"@id\":\"https:\/\/ggchile.cl\/store\/#organization\"},\"potentialAction\":[{\"@type\":\"SearchAction\",\"target\":{\"@type\":\"EntryPoint\",\"urlTemplate\":\"https:\/\/ggchile.cl\/store\/?s={search_term_string}\"},\"query-input\":{\"@type\":\"PropertyValueSpecification\",\"valueRequired\":true,\"valueName\":\"search_term_string\"}}],\"inLanguage\":\"es\"},{\"@type\":\"Organization\",\"@id\":\"https:\/\/ggchile.cl\/store\/#organization\",\"name\":\"GGstore Chile\",\"url\":\"https:\/\/ggchile.cl\/store\/\",\"logo\":{\"@type\":\"ImageObject\",\"inLanguage\":\"es\",\"@id\":\"https:\/\/ggchile.cl\/store\/#\/schema\/logo\/image\/\",\"url\":\"https:\/\/i0.wp.com\/ggchile.cl\/store\/wp-content\/uploads\/2021\/11\/cropped-icon.png?fit=400%2C400&ssl=1\",\"contentUrl\":\"https:\/\/i0.wp.com\/ggchile.cl\/store\/wp-content\/uploads\/2021\/11\/cropped-icon.png?fit=400%2C400&ssl=1\",\"width\":400,\"height\":400,\"caption\":\"GGstore Chile\"},\"image\":{\"@id\":\"https:\/\/ggchile.cl\/store\/#\/schema\/logo\/image\/\"}}]}<\/script>\n<!-- \/ Yoast SEO plugin. -->","yoast_head_json":{"title":"Battlefield Hardline - GGstore Chile","robots":{"index":"index","follow":"follow","max-snippet":"max-snippet:-1","max-image-preview":"max-image-preview:large","max-video-preview":"max-video-preview:-1"},"canonical":"https:\/\/ggchile.cl\/store\/product\/battlefield-hardline\/","og_locale":"es_ES","og_type":"article","og_title":"Battlefield Hardline - GGstore Chile","og_description":"\u00danete al atraco como un profesional. Hay un cami\u00f3n blindado lleno de dinero abandonado en un aparcamiento, y solo dispones de segundos para meter tanto dinero como puedas en la","og_url":"https:\/\/ggchile.cl\/store\/product\/battlefield-hardline\/","og_site_name":"GGstore Chile","twitter_card":"summary_large_image","twitter_misc":{"Tiempo de lectura":"2 minutos"},"schema":{"@context":"https:\/\/schema.org","@graph":[{"@type":"WebPage","@id":"https:\/\/ggchile.cl\/store\/product\/battlefield-hardline\/","url":"https:\/\/ggchile.cl\/store\/product\/battlefield-hardline\/","name":"Battlefield Hardline - GGstore Chile","isPartOf":{"@id":"https:\/\/ggchile.cl\/store\/#website"},"datePublished":"2021-11-20T12:47:00+00:00","breadcrumb":{"@id":"https:\/\/ggchile.cl\/store\/product\/battlefield-hardline\/#breadcrumb"},"inLanguage":"es","potentialAction":[{"@type":"ReadAction","target":["https:\/\/ggchile.cl\/store\/product\/battlefield-hardline\/"]}]},{"@type":"BreadcrumbList","@id":"https:\/\/ggchile.cl\/store\/product\/battlefield-hardline\/#breadcrumb","itemListElement":[{"@type":"ListItem","position":1,"name":"Home","item":"https:\/\/ggchile.cl\/store\/"},{"@type":"ListItem","position":2,"name":"Shop","item":"https:\/\/ggchile.cl\/store\/shop-2\/"},{"@type":"ListItem","position":3,"name":"Battlefield Hardline"}]},{"@type":"WebSite","@id":"https:\/\/ggchile.cl\/store\/#website","url":"https:\/\/ggchile.cl\/store\/","name":"GGstore Chile","description":"TU Tienda de juegos digitales!","publisher":{"@id":"https:\/\/ggchile.cl\/store\/#organization"},"potentialAction":[{"@type":"SearchAction","target":{"@type":"EntryPoint","urlTemplate":"https:\/\/ggchile.cl\/store\/?s={search_term_string}"},"query-input":{"@type":"PropertyValueSpecification","valueRequired":true,"valueName":"search_term_string"}}],"inLanguage":"es"},{"@type":"Organization","@id":"https:\/\/ggchile.cl\/store\/#organization","name":"GGstore Chile","url":"https:\/\/ggchile.cl\/store\/","logo":{"@type":"ImageObject","inLanguage":"es","@id":"https:\/\/ggchile.cl\/store\/#\/schema\/logo\/image\/","url":"https:\/\/i0.wp.com\/ggchile.cl\/store\/wp-content\/uploads\/2021\/11\/cropped-icon.png?fit=400%2C400&ssl=1","contentUrl":"https:\/\/i0.wp.com\/ggchile.cl\/store\/wp-content\/uploads\/2021\/11\/cropped-icon.png?fit=400%2C400&ssl=1","width":400,"height":400,"caption":"GGstore Chile"},"image":{"@id":"https:\/\/ggchile.cl\/store\/#\/schema\/logo\/image\/"}}]}},"jetpack_sharing_enabled":true,"jetpack-related-posts":[],"_links":{"self":[{"href":"https:\/\/ggchile.cl\/store\/wp-json\/wp\/v2\/product\/5230","targetHints":{"allow":["GET"]}}],"collection":[{"href":"https:\/\/ggchile.cl\/store\/wp-json\/wp\/v2\/product"}],"about":[{"href":"https:\/\/ggchile.cl\/store\/wp-json\/wp\/v2\/types\/product"}],"replies":[{"embeddable":true,"href":"https:\/\/ggchile.cl\/store\/wp-json\/wp\/v2\/comments?post=5230"}],"wp:attachment":[{"href":"https:\/\/ggchile.cl\/store\/wp-json\/wp\/v2\/media?parent=5230"}],"wp:term":[{"taxonomy":"product_brand","embeddable":true,"href":"https:\/\/ggchile.cl\/store\/wp-json\/wp\/v2\/product_brand?post=5230"},{"taxonomy":"product_cat","embeddable":true,"href":"https:\/\/ggchile.cl\/store\/wp-json\/wp\/v2\/product_cat?post=5230"},{"taxonomy":"product_tag","embeddable":true,"href":"https:\/\/ggchile.cl\/store\/wp-json\/wp\/v2\/product_tag?post=5230"}],"curies":[{"name":"wp","href":"https:\/\/api.w.org\/{rel}","templated":true}]}}