{"id":5231,"date":"2021-11-20T12:48:00","date_gmt":"2021-11-20T12:48:00","guid":{"rendered":"https:\/\/ggchile.cl\/store\/?post_type=product&#038;p=5231"},"modified":"2021-11-20T12:48:00","modified_gmt":"2021-11-20T12:48:00","slug":"battlefield-4-premium-edition","status":"publish","type":"product","link":"https:\/\/ggchile.cl\/store\/product\/battlefield-4-premium-edition\/","title":{"rendered":"Battlefield 4 Premium Edition"},"content":{"rendered":"<p>Original Battlefield 4 game included.<\/p>\n<p>Con la suscripci\u00f3n Premium, lleva al l\u00edmite las capacidades de Battlefield 4. Aseg\u00farate el acceso anticipado a los cinco packs de expansi\u00f3n; consigue nuevos veh\u00edculos, armas y contenido extra semanal; llega m\u00e1s lejos con contenido exclusivo.<\/p>\n<p>BATTLEFIELD 4 PREMIUM INCLUYE:<\/p>\n<p>&#8211; Cinco packs digitales de expansi\u00f3n con nuevos mapas y contenido para el juego<br \/>\n&#8211; Acceso anticipado de dos semanas a todos los packs de expansi\u00f3n<br \/>\n&#8211; Opciones exclusivas de personalizaci\u00f3n con camuflaje, pinturas, emblemas, chapas y m\u00e1s<br \/>\n&#8211; Prioridad en las listas de espera de servidores<br \/>\n&#8211; Actualizaciones semanales con nuevo contenido<br \/>\n&#8211; Exclusivos eventos de doble puntuaci\u00f3n de experiencia<br \/>\n&#8211; Transfiere f\u00e1cilmente tu suscripci\u00f3n Premium de Xbox 360 a Xbox One y de PS3 a PS4<\/p>\n","protected":false},"excerpt":{"rendered":"<p>Original Battlefield 4 game included. Con la suscripci\u00f3n Premium, lleva al l\u00edmite las capacidades de Battlefield 4. Aseg\u00farate el acceso anticipado a los cinco packs de expansi\u00f3n; consigue nuevos veh\u00edculos,<\/p>\n","protected":false},"featured_media":5232,"comment_status":"open","ping_status":"closed","template":"","meta":[],"product_brand":[],"product_cat":[234,236,232,226],"product_tag":[],"class_list":{"0":"post-5231","1":"product","2":"type-product","3":"status-publish","4":"has-post-thumbnail","6":"product_cat-accion-y-aventura","7":"product_cat-pantalla-dividida","8":"product_cat-playstation","9":"product_cat-playstation-3","11":"first","12":"instock","13":"sale","14":"shipping-taxable","15":"purchasable","16":"product-type-simple"},"yoast_head":"<!-- This site is optimized with the Yoast SEO plugin v26.9 - https:\/\/yoast.com\/product\/yoast-seo-wordpress\/ -->\n<title>Battlefield 4 Premium Edition - GGstore Chile<\/title>\n<meta name=\"robots\" content=\"index, follow, max-snippet:-1, max-image-preview:large, max-video-preview:-1\" \/>\n<link rel=\"canonical\" href=\"https:\/\/ggchile.cl\/store\/product\/battlefield-4-premium-edition\/\" \/>\n<meta property=\"og:locale\" content=\"es_ES\" \/>\n<meta property=\"og:type\" content=\"article\" \/>\n<meta property=\"og:title\" content=\"Battlefield 4 Premium Edition - GGstore Chile\" \/>\n<meta property=\"og:description\" content=\"Original Battlefield 4 game included. Con la suscripci\u00f3n Premium, lleva al l\u00edmite las capacidades de Battlefield 4. Aseg\u00farate el acceso anticipado a los cinco packs de expansi\u00f3n; consigue nuevos veh\u00edculos,\" \/>\n<meta property=\"og:url\" content=\"https:\/\/ggchile.cl\/store\/product\/battlefield-4-premium-edition\/\" \/>\n<meta property=\"og:site_name\" content=\"GGstore Chile\" \/>\n<meta property=\"og:image\" content=\"https:\/\/ggchile.cl\/store\/wp-content\/uploads\/2021\/11\/juego-origin-battlefield-4-premium-edition-juego-incluido-all-dlc-cover.jpg\" \/>\n\t<meta property=\"og:image:width\" content=\"271\" \/>\n\t<meta property=\"og:image:height\" content=\"377\" \/>\n\t<meta property=\"og:image:type\" content=\"image\/jpeg\" \/>\n<meta name=\"twitter:card\" content=\"summary_large_image\" \/>\n<meta name=\"twitter:label1\" content=\"Tiempo de lectura\" \/>\n\t<meta name=\"twitter:data1\" content=\"1 minuto\" \/>\n<script type=\"application\/ld+json\" class=\"yoast-schema-graph\">{\"@context\":\"https:\/\/schema.org\",\"@graph\":[{\"@type\":\"WebPage\",\"@id\":\"https:\/\/ggchile.cl\/store\/product\/battlefield-4-premium-edition\/\",\"url\":\"https:\/\/ggchile.cl\/store\/product\/battlefield-4-premium-edition\/\",\"name\":\"Battlefield 4 Premium Edition - GGstore Chile\",\"isPartOf\":{\"@id\":\"https:\/\/ggchile.cl\/store\/#website\"},\"primaryImageOfPage\":{\"@id\":\"https:\/\/ggchile.cl\/store\/product\/battlefield-4-premium-edition\/#primaryimage\"},\"image\":{\"@id\":\"https:\/\/ggchile.cl\/store\/product\/battlefield-4-premium-edition\/#primaryimage\"},\"thumbnailUrl\":\"https:\/\/i0.wp.com\/ggchile.cl\/store\/wp-content\/uploads\/2021\/11\/juego-origin-battlefield-4-premium-edition-juego-incluido-all-dlc-cover.jpg?fit=271%2C377&ssl=1\",\"datePublished\":\"2021-11-20T12:48:00+00:00\",\"breadcrumb\":{\"@id\":\"https:\/\/ggchile.cl\/store\/product\/battlefield-4-premium-edition\/#breadcrumb\"},\"inLanguage\":\"es\",\"potentialAction\":[{\"@type\":\"ReadAction\",\"target\":[\"https:\/\/ggchile.cl\/store\/product\/battlefield-4-premium-edition\/\"]}]},{\"@type\":\"ImageObject\",\"inLanguage\":\"es\",\"@id\":\"https:\/\/ggchile.cl\/store\/product\/battlefield-4-premium-edition\/#primaryimage\",\"url\":\"https:\/\/i0.wp.com\/ggchile.cl\/store\/wp-content\/uploads\/2021\/11\/juego-origin-battlefield-4-premium-edition-juego-incluido-all-dlc-cover.jpg?fit=271%2C377&ssl=1\",\"contentUrl\":\"https:\/\/i0.wp.com\/ggchile.cl\/store\/wp-content\/uploads\/2021\/11\/juego-origin-battlefield-4-premium-edition-juego-incluido-all-dlc-cover.jpg?fit=271%2C377&ssl=1\",\"width\":271,\"height\":377},{\"@type\":\"BreadcrumbList\",\"@id\":\"https:\/\/ggchile.cl\/store\/product\/battlefield-4-premium-edition\/#breadcrumb\",\"itemListElement\":[{\"@type\":\"ListItem\",\"position\":1,\"name\":\"Home\",\"item\":\"https:\/\/ggchile.cl\/store\/\"},{\"@type\":\"ListItem\",\"position\":2,\"name\":\"Shop\",\"item\":\"https:\/\/ggchile.cl\/store\/shop-2\/\"},{\"@type\":\"ListItem\",\"position\":3,\"name\":\"Battlefield 4 Premium Edition\"}]},{\"@type\":\"WebSite\",\"@id\":\"https:\/\/ggchile.cl\/store\/#website\",\"url\":\"https:\/\/ggchile.cl\/store\/\",\"name\":\"GGstore Chile\",\"description\":\"TU Tienda de juegos digitales!\",\"publisher\":{\"@id\":\"https:\/\/ggchile.cl\/store\/#organization\"},\"potentialAction\":[{\"@type\":\"SearchAction\",\"target\":{\"@type\":\"EntryPoint\",\"urlTemplate\":\"https:\/\/ggchile.cl\/store\/?s={search_term_string}\"},\"query-input\":{\"@type\":\"PropertyValueSpecification\",\"valueRequired\":true,\"valueName\":\"search_term_string\"}}],\"inLanguage\":\"es\"},{\"@type\":\"Organization\",\"@id\":\"https:\/\/ggchile.cl\/store\/#organization\",\"name\":\"GGstore Chile\",\"url\":\"https:\/\/ggchile.cl\/store\/\",\"logo\":{\"@type\":\"ImageObject\",\"inLanguage\":\"es\",\"@id\":\"https:\/\/ggchile.cl\/store\/#\/schema\/logo\/image\/\",\"url\":\"https:\/\/i0.wp.com\/ggchile.cl\/store\/wp-content\/uploads\/2021\/11\/cropped-icon.png?fit=400%2C400&ssl=1\",\"contentUrl\":\"https:\/\/i0.wp.com\/ggchile.cl\/store\/wp-content\/uploads\/2021\/11\/cropped-icon.png?fit=400%2C400&ssl=1\",\"width\":400,\"height\":400,\"caption\":\"GGstore Chile\"},\"image\":{\"@id\":\"https:\/\/ggchile.cl\/store\/#\/schema\/logo\/image\/\"}}]}<\/script>\n<!-- \/ Yoast SEO plugin. -->","yoast_head_json":{"title":"Battlefield 4 Premium Edition - GGstore Chile","robots":{"index":"index","follow":"follow","max-snippet":"max-snippet:-1","max-image-preview":"max-image-preview:large","max-video-preview":"max-video-preview:-1"},"canonical":"https:\/\/ggchile.cl\/store\/product\/battlefield-4-premium-edition\/","og_locale":"es_ES","og_type":"article","og_title":"Battlefield 4 Premium Edition - GGstore Chile","og_description":"Original Battlefield 4 game included. Con la suscripci\u00f3n Premium, lleva al l\u00edmite las capacidades de Battlefield 4. Aseg\u00farate el acceso anticipado a los cinco packs de expansi\u00f3n; consigue nuevos veh\u00edculos,","og_url":"https:\/\/ggchile.cl\/store\/product\/battlefield-4-premium-edition\/","og_site_name":"GGstore Chile","og_image":[{"width":271,"height":377,"url":"https:\/\/ggchile.cl\/store\/wp-content\/uploads\/2021\/11\/juego-origin-battlefield-4-premium-edition-juego-incluido-all-dlc-cover.jpg","type":"image\/jpeg"}],"twitter_card":"summary_large_image","twitter_misc":{"Tiempo de lectura":"1 minuto"},"schema":{"@context":"https:\/\/schema.org","@graph":[{"@type":"WebPage","@id":"https:\/\/ggchile.cl\/store\/product\/battlefield-4-premium-edition\/","url":"https:\/\/ggchile.cl\/store\/product\/battlefield-4-premium-edition\/","name":"Battlefield 4 Premium Edition - GGstore Chile","isPartOf":{"@id":"https:\/\/ggchile.cl\/store\/#website"},"primaryImageOfPage":{"@id":"https:\/\/ggchile.cl\/store\/product\/battlefield-4-premium-edition\/#primaryimage"},"image":{"@id":"https:\/\/ggchile.cl\/store\/product\/battlefield-4-premium-edition\/#primaryimage"},"thumbnailUrl":"https:\/\/i0.wp.com\/ggchile.cl\/store\/wp-content\/uploads\/2021\/11\/juego-origin-battlefield-4-premium-edition-juego-incluido-all-dlc-cover.jpg?fit=271%2C377&ssl=1","datePublished":"2021-11-20T12:48:00+00:00","breadcrumb":{"@id":"https:\/\/ggchile.cl\/store\/product\/battlefield-4-premium-edition\/#breadcrumb"},"inLanguage":"es","potentialAction":[{"@type":"ReadAction","target":["https:\/\/ggchile.cl\/store\/product\/battlefield-4-premium-edition\/"]}]},{"@type":"ImageObject","inLanguage":"es","@id":"https:\/\/ggchile.cl\/store\/product\/battlefield-4-premium-edition\/#primaryimage","url":"https:\/\/i0.wp.com\/ggchile.cl\/store\/wp-content\/uploads\/2021\/11\/juego-origin-battlefield-4-premium-edition-juego-incluido-all-dlc-cover.jpg?fit=271%2C377&ssl=1","contentUrl":"https:\/\/i0.wp.com\/ggchile.cl\/store\/wp-content\/uploads\/2021\/11\/juego-origin-battlefield-4-premium-edition-juego-incluido-all-dlc-cover.jpg?fit=271%2C377&ssl=1","width":271,"height":377},{"@type":"BreadcrumbList","@id":"https:\/\/ggchile.cl\/store\/product\/battlefield-4-premium-edition\/#breadcrumb","itemListElement":[{"@type":"ListItem","position":1,"name":"Home","item":"https:\/\/ggchile.cl\/store\/"},{"@type":"ListItem","position":2,"name":"Shop","item":"https:\/\/ggchile.cl\/store\/shop-2\/"},{"@type":"ListItem","position":3,"name":"Battlefield 4 Premium Edition"}]},{"@type":"WebSite","@id":"https:\/\/ggchile.cl\/store\/#website","url":"https:\/\/ggchile.cl\/store\/","name":"GGstore Chile","description":"TU Tienda de juegos digitales!","publisher":{"@id":"https:\/\/ggchile.cl\/store\/#organization"},"potentialAction":[{"@type":"SearchAction","target":{"@type":"EntryPoint","urlTemplate":"https:\/\/ggchile.cl\/store\/?s={search_term_string}"},"query-input":{"@type":"PropertyValueSpecification","valueRequired":true,"valueName":"search_term_string"}}],"inLanguage":"es"},{"@type":"Organization","@id":"https:\/\/ggchile.cl\/store\/#organization","name":"GGstore Chile","url":"https:\/\/ggchile.cl\/store\/","logo":{"@type":"ImageObject","inLanguage":"es","@id":"https:\/\/ggchile.cl\/store\/#\/schema\/logo\/image\/","url":"https:\/\/i0.wp.com\/ggchile.cl\/store\/wp-content\/uploads\/2021\/11\/cropped-icon.png?fit=400%2C400&ssl=1","contentUrl":"https:\/\/i0.wp.com\/ggchile.cl\/store\/wp-content\/uploads\/2021\/11\/cropped-icon.png?fit=400%2C400&ssl=1","width":400,"height":400,"caption":"GGstore Chile"},"image":{"@id":"https:\/\/ggchile.cl\/store\/#\/schema\/logo\/image\/"}}]}},"jetpack_sharing_enabled":true,"jetpack-related-posts":[],"_links":{"self":[{"href":"https:\/\/ggchile.cl\/store\/wp-json\/wp\/v2\/product\/5231","targetHints":{"allow":["GET"]}}],"collection":[{"href":"https:\/\/ggchile.cl\/store\/wp-json\/wp\/v2\/product"}],"about":[{"href":"https:\/\/ggchile.cl\/store\/wp-json\/wp\/v2\/types\/product"}],"replies":[{"embeddable":true,"href":"https:\/\/ggchile.cl\/store\/wp-json\/wp\/v2\/comments?post=5231"}],"wp:featuredmedia":[{"embeddable":true,"href":"https:\/\/ggchile.cl\/store\/wp-json\/wp\/v2\/media\/5232"}],"wp:attachment":[{"href":"https:\/\/ggchile.cl\/store\/wp-json\/wp\/v2\/media?parent=5231"}],"wp:term":[{"taxonomy":"product_brand","embeddable":true,"href":"https:\/\/ggchile.cl\/store\/wp-json\/wp\/v2\/product_brand?post=5231"},{"taxonomy":"product_cat","embeddable":true,"href":"https:\/\/ggchile.cl\/store\/wp-json\/wp\/v2\/product_cat?post=5231"},{"taxonomy":"product_tag","embeddable":true,"href":"https:\/\/ggchile.cl\/store\/wp-json\/wp\/v2\/product_tag?post=5231"}],"curies":[{"name":"wp","href":"https:\/\/api.w.org\/{rel}","templated":true}]}}