{"id":5235,"date":"2021-11-20T12:49:06","date_gmt":"2021-11-20T12:49:06","guid":{"rendered":"https:\/\/ggchile.cl\/store\/?post_type=product&#038;p=5235"},"modified":"2024-05-20T21:19:04","modified_gmt":"2024-05-20T21:19:04","slug":"call-of-duty-advanced-warfare","status":"publish","type":"product","link":"https:\/\/ggchile.cl\/store\/product\/call-of-duty-advanced-warfare\/","title":{"rendered":"Call of duty Advanced Warfare"},"content":{"rendered":"<p><strong><i>Call of Duty\u00ae: Advanced Warfare<\/i><\/strong>\u00a0ha sido desarrollado por Sledgehammer Games (codesarrolladores de Call of Duty\u00ae: Modern Warfare\u00ae 3) y supone el primer ciclo de desarrollo de tres a\u00f1os para la nueva generaci\u00f3n en la historia de la franquicia. Call of Duty\u00ae: Advanced Warfare imagina los poderosos campos de batalla del futuro, donde la tecnolog\u00eda y la estrategia han evolucionado hasta dar paso a una nueva era de combate en la franquicia. El actor ganador de un Oscar Kevin Spacey interpreta de manera espectacular a Jonathan Irons, uno de los hombres m\u00e1s poderosos del mundo, para dar forma a esta escalofriante visi\u00f3n del futuro de la guerra.<\/p>\n<p>El poder lo cambia todo.<\/p>\n<ul class=\"bb_ul\">\n<li>Call of Duty: Advanced Warfare tiene lugar en un posible futuro en el que el progreso tecnol\u00f3gico y las pr\u00e1cticas militares de hoy en d\u00eda se han unido con poderosas consecuencias.<\/li>\n<li>En esta visi\u00f3n del futuro, que ha sido cuidadosamente estudiada y desarrollada, las corporaciones militares privadas se han convertido en las fuerzas armadas predominantes de incontables pa\u00edses que subcontratan sus necesidades militares, redibujando fronteras y cambiando las reglas de la guerra.<\/li>\n<li>Y Jonathan Irons, presidente y fundador de Atlas Corporation, la mayor corporaci\u00f3n militar privada del mundo, est\u00e1 en el centro de todo.<\/li>\n<\/ul>\n<ul class=\"bb_ul\">\n<li>Los poderosos exoesqueletos mejoran todos los aspectos de los soldados en combate, dot\u00e1ndoles de una letalidad avanzada y acabando con la necesidad de las especializaciones.<\/li>\n<li>La inclusi\u00f3n de esta mec\u00e1nica de juego trae a los jugadores movimiento mejorado y verticalidad mediante saltos con impulso y cuerdas de arpeo, habilidades de camuflaje y biomec\u00e1nica que proporciona fuerza, percepci\u00f3n, resistencia y velocidad sin igual.<\/li>\n<li>Con la aparici\u00f3n de los exoesqueletos y las nuevas armas y armaduras avanzadas, cada soldado posee una libertad t\u00e1ctica en cualquier terreno como nunca se hab\u00eda visto, cambiando la forma en que los jugadores disfrutan de Call of Duty en todos los modos de juego.<\/li>\n<\/ul>\n<ul class=\"bb_ul\">\n<li>Gracias al poder de las plataformas de nueva generaci\u00f3n, Call of Duty: Advanced Warfare lleva a los jugadores a los campos de batalla del futuro presentando un nuevo conjunto de habilidades y un arsenal avanzado de alta tecnolog\u00eda, armando a los jugadores con nuevo equipo, tecnolog\u00eda, ventajas y veh\u00edculos, como motos voladoras y drones altamente especializados.<\/li>\n<li>Los jugadores tambi\u00e9n pueden elegir entre munici\u00f3n est\u00e1ndar y una nueva clase de armamento de energ\u00eda que permite din\u00e1micas de juego totalmente nuevas.<\/li>\n<li>Y con los exoesqueletos que proporcionan un aumento masivo de fuerza y una libertad t\u00e1ctica sin precedentes, Call of Duty: Advanced Warfare hace que todos los combates evolucionen.<\/li>\n<\/ul>\n","protected":false},"excerpt":{"rendered":"<p>Call of Duty\u00ae: Advanced Warfare\u00a0ha sido desarrollado por Sledgehammer Games (codesarrolladores de Call of Duty\u00ae: Modern Warfare\u00ae 3) y supone el primer ciclo de desarrollo de tres a\u00f1os para la<\/p>\n","protected":false},"featured_media":5236,"comment_status":"open","ping_status":"closed","template":"","meta":[],"product_brand":[],"product_cat":[234,236,232,226],"product_tag":[],"class_list":{"0":"post-5235","1":"product","2":"type-product","3":"status-publish","4":"has-post-thumbnail","6":"product_cat-accion-y-aventura","7":"product_cat-pantalla-dividida","8":"product_cat-playstation","9":"product_cat-playstation-3","11":"first","12":"instock","13":"shipping-taxable","14":"purchasable","15":"product-type-simple"},"yoast_head":"<!-- This site is optimized with the Yoast SEO plugin v26.9 - https:\/\/yoast.com\/product\/yoast-seo-wordpress\/ -->\n<title>Call of duty Advanced Warfare - GGstore Chile<\/title>\n<meta name=\"robots\" content=\"index, follow, max-snippet:-1, max-image-preview:large, max-video-preview:-1\" \/>\n<link rel=\"canonical\" href=\"https:\/\/ggchile.cl\/store\/product\/call-of-duty-advanced-warfare\/\" \/>\n<meta property=\"og:locale\" content=\"es_ES\" \/>\n<meta property=\"og:type\" content=\"article\" \/>\n<meta property=\"og:title\" content=\"Call of duty Advanced Warfare - GGstore Chile\" \/>\n<meta property=\"og:description\" content=\"Call of Duty\u00ae: Advanced Warfare\u00a0ha sido desarrollado por Sledgehammer Games (codesarrolladores de Call of Duty\u00ae: Modern Warfare\u00ae 3) y supone el primer ciclo de desarrollo de tres a\u00f1os para la\" \/>\n<meta property=\"og:url\" content=\"https:\/\/ggchile.cl\/store\/product\/call-of-duty-advanced-warfare\/\" \/>\n<meta property=\"og:site_name\" content=\"GGstore Chile\" \/>\n<meta property=\"article:modified_time\" content=\"2024-05-20T21:19:04+00:00\" \/>\n<meta property=\"og:image\" content=\"https:\/\/ggchile.cl\/store\/wp-content\/uploads\/2021\/11\/Advanced_Warfare.jpg\" \/>\n\t<meta property=\"og:image:width\" content=\"360\" \/>\n\t<meta property=\"og:image:height\" content=\"450\" \/>\n\t<meta property=\"og:image:type\" content=\"image\/jpeg\" \/>\n<meta name=\"twitter:card\" content=\"summary_large_image\" \/>\n<meta name=\"twitter:label1\" content=\"Tiempo de lectura\" \/>\n\t<meta name=\"twitter:data1\" content=\"2 minutos\" \/>\n<script type=\"application\/ld+json\" class=\"yoast-schema-graph\">{\"@context\":\"https:\/\/schema.org\",\"@graph\":[{\"@type\":\"WebPage\",\"@id\":\"https:\/\/ggchile.cl\/store\/product\/call-of-duty-advanced-warfare\/\",\"url\":\"https:\/\/ggchile.cl\/store\/product\/call-of-duty-advanced-warfare\/\",\"name\":\"Call of duty Advanced Warfare - GGstore Chile\",\"isPartOf\":{\"@id\":\"https:\/\/ggchile.cl\/store\/#website\"},\"primaryImageOfPage\":{\"@id\":\"https:\/\/ggchile.cl\/store\/product\/call-of-duty-advanced-warfare\/#primaryimage\"},\"image\":{\"@id\":\"https:\/\/ggchile.cl\/store\/product\/call-of-duty-advanced-warfare\/#primaryimage\"},\"thumbnailUrl\":\"https:\/\/i0.wp.com\/ggchile.cl\/store\/wp-content\/uploads\/2021\/11\/Advanced_Warfare.jpg?fit=360%2C450&ssl=1\",\"datePublished\":\"2021-11-20T12:49:06+00:00\",\"dateModified\":\"2024-05-20T21:19:04+00:00\",\"breadcrumb\":{\"@id\":\"https:\/\/ggchile.cl\/store\/product\/call-of-duty-advanced-warfare\/#breadcrumb\"},\"inLanguage\":\"es\",\"potentialAction\":[{\"@type\":\"ReadAction\",\"target\":[\"https:\/\/ggchile.cl\/store\/product\/call-of-duty-advanced-warfare\/\"]}]},{\"@type\":\"ImageObject\",\"inLanguage\":\"es\",\"@id\":\"https:\/\/ggchile.cl\/store\/product\/call-of-duty-advanced-warfare\/#primaryimage\",\"url\":\"https:\/\/i0.wp.com\/ggchile.cl\/store\/wp-content\/uploads\/2021\/11\/Advanced_Warfare.jpg?fit=360%2C450&ssl=1\",\"contentUrl\":\"https:\/\/i0.wp.com\/ggchile.cl\/store\/wp-content\/uploads\/2021\/11\/Advanced_Warfare.jpg?fit=360%2C450&ssl=1\",\"width\":360,\"height\":450},{\"@type\":\"BreadcrumbList\",\"@id\":\"https:\/\/ggchile.cl\/store\/product\/call-of-duty-advanced-warfare\/#breadcrumb\",\"itemListElement\":[{\"@type\":\"ListItem\",\"position\":1,\"name\":\"Home\",\"item\":\"https:\/\/ggchile.cl\/store\/\"},{\"@type\":\"ListItem\",\"position\":2,\"name\":\"Shop\",\"item\":\"https:\/\/ggchile.cl\/store\/shop-2\/\"},{\"@type\":\"ListItem\",\"position\":3,\"name\":\"Call of duty Advanced Warfare\"}]},{\"@type\":\"WebSite\",\"@id\":\"https:\/\/ggchile.cl\/store\/#website\",\"url\":\"https:\/\/ggchile.cl\/store\/\",\"name\":\"GGstore Chile\",\"description\":\"TU Tienda de juegos digitales!\",\"publisher\":{\"@id\":\"https:\/\/ggchile.cl\/store\/#organization\"},\"potentialAction\":[{\"@type\":\"SearchAction\",\"target\":{\"@type\":\"EntryPoint\",\"urlTemplate\":\"https:\/\/ggchile.cl\/store\/?s={search_term_string}\"},\"query-input\":{\"@type\":\"PropertyValueSpecification\",\"valueRequired\":true,\"valueName\":\"search_term_string\"}}],\"inLanguage\":\"es\"},{\"@type\":\"Organization\",\"@id\":\"https:\/\/ggchile.cl\/store\/#organization\",\"name\":\"GGstore Chile\",\"url\":\"https:\/\/ggchile.cl\/store\/\",\"logo\":{\"@type\":\"ImageObject\",\"inLanguage\":\"es\",\"@id\":\"https:\/\/ggchile.cl\/store\/#\/schema\/logo\/image\/\",\"url\":\"https:\/\/i0.wp.com\/ggchile.cl\/store\/wp-content\/uploads\/2021\/11\/cropped-icon.png?fit=400%2C400&ssl=1\",\"contentUrl\":\"https:\/\/i0.wp.com\/ggchile.cl\/store\/wp-content\/uploads\/2021\/11\/cropped-icon.png?fit=400%2C400&ssl=1\",\"width\":400,\"height\":400,\"caption\":\"GGstore Chile\"},\"image\":{\"@id\":\"https:\/\/ggchile.cl\/store\/#\/schema\/logo\/image\/\"}}]}<\/script>\n<!-- \/ Yoast SEO plugin. -->","yoast_head_json":{"title":"Call of duty Advanced Warfare - GGstore Chile","robots":{"index":"index","follow":"follow","max-snippet":"max-snippet:-1","max-image-preview":"max-image-preview:large","max-video-preview":"max-video-preview:-1"},"canonical":"https:\/\/ggchile.cl\/store\/product\/call-of-duty-advanced-warfare\/","og_locale":"es_ES","og_type":"article","og_title":"Call of duty Advanced Warfare - GGstore Chile","og_description":"Call of Duty\u00ae: Advanced Warfare\u00a0ha sido desarrollado por Sledgehammer Games (codesarrolladores de Call of Duty\u00ae: Modern Warfare\u00ae 3) y supone el primer ciclo de desarrollo de tres a\u00f1os para la","og_url":"https:\/\/ggchile.cl\/store\/product\/call-of-duty-advanced-warfare\/","og_site_name":"GGstore Chile","article_modified_time":"2024-05-20T21:19:04+00:00","og_image":[{"width":360,"height":450,"url":"https:\/\/ggchile.cl\/store\/wp-content\/uploads\/2021\/11\/Advanced_Warfare.jpg","type":"image\/jpeg"}],"twitter_card":"summary_large_image","twitter_misc":{"Tiempo de lectura":"2 minutos"},"schema":{"@context":"https:\/\/schema.org","@graph":[{"@type":"WebPage","@id":"https:\/\/ggchile.cl\/store\/product\/call-of-duty-advanced-warfare\/","url":"https:\/\/ggchile.cl\/store\/product\/call-of-duty-advanced-warfare\/","name":"Call of duty Advanced Warfare - GGstore Chile","isPartOf":{"@id":"https:\/\/ggchile.cl\/store\/#website"},"primaryImageOfPage":{"@id":"https:\/\/ggchile.cl\/store\/product\/call-of-duty-advanced-warfare\/#primaryimage"},"image":{"@id":"https:\/\/ggchile.cl\/store\/product\/call-of-duty-advanced-warfare\/#primaryimage"},"thumbnailUrl":"https:\/\/i0.wp.com\/ggchile.cl\/store\/wp-content\/uploads\/2021\/11\/Advanced_Warfare.jpg?fit=360%2C450&ssl=1","datePublished":"2021-11-20T12:49:06+00:00","dateModified":"2024-05-20T21:19:04+00:00","breadcrumb":{"@id":"https:\/\/ggchile.cl\/store\/product\/call-of-duty-advanced-warfare\/#breadcrumb"},"inLanguage":"es","potentialAction":[{"@type":"ReadAction","target":["https:\/\/ggchile.cl\/store\/product\/call-of-duty-advanced-warfare\/"]}]},{"@type":"ImageObject","inLanguage":"es","@id":"https:\/\/ggchile.cl\/store\/product\/call-of-duty-advanced-warfare\/#primaryimage","url":"https:\/\/i0.wp.com\/ggchile.cl\/store\/wp-content\/uploads\/2021\/11\/Advanced_Warfare.jpg?fit=360%2C450&ssl=1","contentUrl":"https:\/\/i0.wp.com\/ggchile.cl\/store\/wp-content\/uploads\/2021\/11\/Advanced_Warfare.jpg?fit=360%2C450&ssl=1","width":360,"height":450},{"@type":"BreadcrumbList","@id":"https:\/\/ggchile.cl\/store\/product\/call-of-duty-advanced-warfare\/#breadcrumb","itemListElement":[{"@type":"ListItem","position":1,"name":"Home","item":"https:\/\/ggchile.cl\/store\/"},{"@type":"ListItem","position":2,"name":"Shop","item":"https:\/\/ggchile.cl\/store\/shop-2\/"},{"@type":"ListItem","position":3,"name":"Call of duty Advanced Warfare"}]},{"@type":"WebSite","@id":"https:\/\/ggchile.cl\/store\/#website","url":"https:\/\/ggchile.cl\/store\/","name":"GGstore Chile","description":"TU Tienda de juegos digitales!","publisher":{"@id":"https:\/\/ggchile.cl\/store\/#organization"},"potentialAction":[{"@type":"SearchAction","target":{"@type":"EntryPoint","urlTemplate":"https:\/\/ggchile.cl\/store\/?s={search_term_string}"},"query-input":{"@type":"PropertyValueSpecification","valueRequired":true,"valueName":"search_term_string"}}],"inLanguage":"es"},{"@type":"Organization","@id":"https:\/\/ggchile.cl\/store\/#organization","name":"GGstore Chile","url":"https:\/\/ggchile.cl\/store\/","logo":{"@type":"ImageObject","inLanguage":"es","@id":"https:\/\/ggchile.cl\/store\/#\/schema\/logo\/image\/","url":"https:\/\/i0.wp.com\/ggchile.cl\/store\/wp-content\/uploads\/2021\/11\/cropped-icon.png?fit=400%2C400&ssl=1","contentUrl":"https:\/\/i0.wp.com\/ggchile.cl\/store\/wp-content\/uploads\/2021\/11\/cropped-icon.png?fit=400%2C400&ssl=1","width":400,"height":400,"caption":"GGstore Chile"},"image":{"@id":"https:\/\/ggchile.cl\/store\/#\/schema\/logo\/image\/"}}]}},"jetpack_sharing_enabled":true,"jetpack-related-posts":[],"_links":{"self":[{"href":"https:\/\/ggchile.cl\/store\/wp-json\/wp\/v2\/product\/5235","targetHints":{"allow":["GET"]}}],"collection":[{"href":"https:\/\/ggchile.cl\/store\/wp-json\/wp\/v2\/product"}],"about":[{"href":"https:\/\/ggchile.cl\/store\/wp-json\/wp\/v2\/types\/product"}],"replies":[{"embeddable":true,"href":"https:\/\/ggchile.cl\/store\/wp-json\/wp\/v2\/comments?post=5235"}],"wp:featuredmedia":[{"embeddable":true,"href":"https:\/\/ggchile.cl\/store\/wp-json\/wp\/v2\/media\/5236"}],"wp:attachment":[{"href":"https:\/\/ggchile.cl\/store\/wp-json\/wp\/v2\/media?parent=5235"}],"wp:term":[{"taxonomy":"product_brand","embeddable":true,"href":"https:\/\/ggchile.cl\/store\/wp-json\/wp\/v2\/product_brand?post=5235"},{"taxonomy":"product_cat","embeddable":true,"href":"https:\/\/ggchile.cl\/store\/wp-json\/wp\/v2\/product_cat?post=5235"},{"taxonomy":"product_tag","embeddable":true,"href":"https:\/\/ggchile.cl\/store\/wp-json\/wp\/v2\/product_tag?post=5235"}],"curies":[{"name":"wp","href":"https:\/\/api.w.org\/{rel}","templated":true}]}}