{"id":5243,"date":"2021-11-20T12:55:54","date_gmt":"2021-11-20T12:55:54","guid":{"rendered":"https:\/\/ggchile.cl\/store\/?post_type=product&#038;p=5243"},"modified":"2021-11-20T12:55:55","modified_gmt":"2021-11-20T12:55:55","slug":"call-of-duty-modern-warfare-3","status":"publish","type":"product","link":"https:\/\/ggchile.cl\/store\/product\/call-of-duty-modern-warfare-3\/","title":{"rendered":"Call of Duty Modern Warfare 3"},"content":{"rendered":"<h2>Acerca del juego<\/h2>\n<p>El juego gira en torno a la Fuerza Operativa 141 (uno-cuatro-uno) y la trama se desarrolla en pr\u00e1cticamente todo el mundo, ya que el equipo multinacional debe trabajar para detener a Makarov, el villano principal de la historia. Personajes ya conocidos de otros juegos de la serie est\u00e1n de vuelta, tales como el Capit\u00e1n Price, y \u2018Soap\u2019 McTavish, as\u00ed como el resto de la cuadrilla Americana, Brit\u00e1nica y Rusa.<\/p>\n<p>La jugabilidad es bastante lineal. El jugador tiene la encomienda de alcanzar determinados puntos del mapa, a la vez que elimina a todos los enemigos que encuentre en su camino. Cada una de las misiones resulta un tanto similar en cuanto a objetivos se refiere, aunque con algunas diferencias a lo largo del trayecto. En ocasiones tendr\u00e1s que avanzar a toda velocidad, rociando balas y corriendo para ponerte a salvo, mientras que en otras ocasiones tendr\u00e1s que hacerlo despacio y en silencio, arrastr\u00e1ndote a hurtadillas para no ser detectado.<\/p>\n<p>La jugabilidad es bastante lineal. El jugador tiene la encomienda de llegar a determinados puntos del mapa, a la vez que elimina a todos los enemigos que encuentre en su camino. Cada una de las misiones resulta un tanto similar en cuanto a objetivos se refiere, aunque con algunas diferencias a lo largo del trayecto. En ocasiones tendr\u00e1s que avanzar a toda velocidad, rociando balas y corriendo para intentar ponerte a salvo, mientras que en otras ocasiones tendr\u00e1s que hacerlo despacio y en silencio, arrastr\u00e1ndote a hurtadillas para no ser detectado.<\/p>\n<p>Esto supone un cambio con respecto a entregas anteriores de la serie, en las que hab\u00eda una zona especialmente dedicada a las mec\u00e1nicas de sigilo, y en las que en algunas ocasiones la historia pod\u00eda llegar a sentirse algo redundante para los jugadores, pues se utilizaba un gran cantidad de secuencias cinem\u00e1ticas &#8211; una tras otra &#8211; para avanzar la narrativa. En cambio, esta versi\u00f3n del juego logra un balance adecuado entre cinem\u00e1ticas y jugabilidad, al presentarnos una premisa relativamente simple, aunque con el suficiente nivel de variedad y de detalle como para hacer que permanezcas inmerso en el juego hasta que la misi\u00f3n principal sea completada &#8211; \u00a1e incluso despu\u00e9s!<\/p>\n<p>Los jugadores m\u00e1s habilidosos pueden progresar r\u00e1pidamente, y al final de cada ronda completada con \u00e9xito ser\u00e1n recompensados con un aumento de puntos, alg\u00fan arma nueva o el desbloqueo de alguna interesante pieza de equipamiento. Esto no quiere decir que el juego sea demasiado f\u00e1cil: te enfrentar\u00e1s a duros desaf\u00edos y deber\u00e1s esforzarte para lograr el \u00e9xito en cada uno de los niveles, \u00a1pero una vez que lo logres experimentar\u00e1s un grado de satisfacci\u00f3n inigualable!<\/p>\n<h3>Modos de juego<\/h3>\n<p>&nbsp;<\/p>\n<ul>\n<li>Un jugador\/ Modo Campa\u00f1a: Podr\u00e1s cambiar de personaje a medida que progresas en la historia. Se te unir\u00e1n soldados controlados por la Inteligencia Artificial del juego en cada una de las misiones. Recibir\u00e1s informaci\u00f3n a trav\u00e9s de una interfaz en pantalla que te mostrar\u00e1 los da\u00f1os sufridos y la necesidad de recuperaci\u00f3n hasta que tu barra de salud haya recuperado algunos puntos. Al inicio del juego se presenta una secuencia cinem\u00e1tica algo perturbadora, pero podr\u00e1s optar por omitirla en caso de ser sensible a la violencia intensa<\/li>\n<li>Modo de Juego Cooperativo: hay un par de modos cooperativos. El modo Survival (de supervivencia) te permite luchar junto a un amigo contra oleada tras oleada de enemigos cada vez m\u00e1s violentos, numerosos y h\u00e1biles. A diferencia de otras entregas de la seria, los enemigos pueden aparecer a lo largo de todo el mapa, en funci\u00f3n de tu posici\u00f3n. El segundo modo cooperativo es llamado Special Ops (Operaciones Especiales): en esta modalidad podr\u00e1s llevar a cabo una misi\u00f3n junto a un amigo, combatiendo a los enemigos y protegi\u00e9ndose mutuamente<\/li>\n<li>Modo Multijugador: el modo multijugador tiene mucho que ofrecer. Los paquetes de compensas se dividen en tres: Asalto, Apoyo y Especialista, y pueden hacerte obtener puntos y reconocimiento. En Asalto, el jugador debe jugar toda la partida sin morir: ser abatido implica la perdida de todos los puntos adquiridos hasta ese momento. En Apoyo, la mec\u00e1nica de juego es parecida, pero se suman todos los puntos acumulados en una puntuaci\u00f3n final. El modo multijugador cuenta con opciones para todos los gustos, \u00a1as\u00ed que aseg\u00farate de probarlas todas!\n<p>Call of Duty: Modern Warfare 3 (Europa) para PC est\u00e1 disponible para su compra en Instant Gaming por una fracci\u00f3n de su precio de venta al p\u00fablico. Recibir\u00e1s una clave oficial y podr\u00e1s disfrutar del juego en cuesti\u00f3n de segundos. Play smart. Pay less.<\/li>\n<\/ul>\n","protected":false},"excerpt":{"rendered":"<p>Acerca del juego El juego gira en torno a la Fuerza Operativa 141 (uno-cuatro-uno) y la trama se desarrolla en pr\u00e1cticamente todo el mundo, ya que el equipo multinacional debe<\/p>\n","protected":false},"featured_media":5244,"comment_status":"open","ping_status":"closed","template":"","meta":[],"product_brand":[],"product_cat":[234,236,232,226],"product_tag":[],"class_list":{"0":"post-5243","1":"product","2":"type-product","3":"status-publish","4":"has-post-thumbnail","6":"product_cat-accion-y-aventura","7":"product_cat-pantalla-dividida","8":"product_cat-playstation","9":"product_cat-playstation-3","11":"first","12":"instock","13":"sale","14":"shipping-taxable","15":"purchasable","16":"product-type-simple"},"yoast_head":"<!-- This site is optimized with the Yoast SEO plugin v26.9 - https:\/\/yoast.com\/product\/yoast-seo-wordpress\/ -->\n<title>Call of Duty Modern Warfare 3 - GGstore Chile<\/title>\n<meta name=\"robots\" content=\"index, follow, max-snippet:-1, max-image-preview:large, max-video-preview:-1\" \/>\n<link rel=\"canonical\" href=\"https:\/\/ggchile.cl\/store\/product\/call-of-duty-modern-warfare-3\/\" \/>\n<meta property=\"og:locale\" content=\"es_ES\" \/>\n<meta property=\"og:type\" content=\"article\" \/>\n<meta property=\"og:title\" content=\"Call of Duty Modern Warfare 3 - GGstore Chile\" \/>\n<meta property=\"og:description\" content=\"Acerca del juego El juego gira en torno a la Fuerza Operativa 141 (uno-cuatro-uno) y la trama se desarrolla en pr\u00e1cticamente todo el mundo, ya que el equipo multinacional debe\" \/>\n<meta property=\"og:url\" content=\"https:\/\/ggchile.cl\/store\/product\/call-of-duty-modern-warfare-3\/\" \/>\n<meta property=\"og:site_name\" content=\"GGstore Chile\" \/>\n<meta property=\"article:modified_time\" content=\"2021-11-20T12:55:55+00:00\" \/>\n<meta property=\"og:image\" content=\"https:\/\/ggchile.cl\/store\/wp-content\/uploads\/2021\/11\/juego-steam-call-of-duty-modern-warfare-3-cover.jpg\" \/>\n\t<meta property=\"og:image:width\" content=\"271\" \/>\n\t<meta property=\"og:image:height\" content=\"377\" \/>\n\t<meta property=\"og:image:type\" content=\"image\/jpeg\" \/>\n<meta name=\"twitter:card\" content=\"summary_large_image\" \/>\n<meta name=\"twitter:label1\" content=\"Tiempo de lectura\" \/>\n\t<meta name=\"twitter:data1\" content=\"4 minutos\" \/>\n<script type=\"application\/ld+json\" class=\"yoast-schema-graph\">{\"@context\":\"https:\/\/schema.org\",\"@graph\":[{\"@type\":\"WebPage\",\"@id\":\"https:\/\/ggchile.cl\/store\/product\/call-of-duty-modern-warfare-3\/\",\"url\":\"https:\/\/ggchile.cl\/store\/product\/call-of-duty-modern-warfare-3\/\",\"name\":\"Call of Duty Modern Warfare 3 - GGstore Chile\",\"isPartOf\":{\"@id\":\"https:\/\/ggchile.cl\/store\/#website\"},\"primaryImageOfPage\":{\"@id\":\"https:\/\/ggchile.cl\/store\/product\/call-of-duty-modern-warfare-3\/#primaryimage\"},\"image\":{\"@id\":\"https:\/\/ggchile.cl\/store\/product\/call-of-duty-modern-warfare-3\/#primaryimage\"},\"thumbnailUrl\":\"https:\/\/i0.wp.com\/ggchile.cl\/store\/wp-content\/uploads\/2021\/11\/juego-steam-call-of-duty-modern-warfare-3-cover.jpg?fit=271%2C377&ssl=1\",\"datePublished\":\"2021-11-20T12:55:54+00:00\",\"dateModified\":\"2021-11-20T12:55:55+00:00\",\"breadcrumb\":{\"@id\":\"https:\/\/ggchile.cl\/store\/product\/call-of-duty-modern-warfare-3\/#breadcrumb\"},\"inLanguage\":\"es\",\"potentialAction\":[{\"@type\":\"ReadAction\",\"target\":[\"https:\/\/ggchile.cl\/store\/product\/call-of-duty-modern-warfare-3\/\"]}]},{\"@type\":\"ImageObject\",\"inLanguage\":\"es\",\"@id\":\"https:\/\/ggchile.cl\/store\/product\/call-of-duty-modern-warfare-3\/#primaryimage\",\"url\":\"https:\/\/i0.wp.com\/ggchile.cl\/store\/wp-content\/uploads\/2021\/11\/juego-steam-call-of-duty-modern-warfare-3-cover.jpg?fit=271%2C377&ssl=1\",\"contentUrl\":\"https:\/\/i0.wp.com\/ggchile.cl\/store\/wp-content\/uploads\/2021\/11\/juego-steam-call-of-duty-modern-warfare-3-cover.jpg?fit=271%2C377&ssl=1\",\"width\":271,\"height\":377},{\"@type\":\"BreadcrumbList\",\"@id\":\"https:\/\/ggchile.cl\/store\/product\/call-of-duty-modern-warfare-3\/#breadcrumb\",\"itemListElement\":[{\"@type\":\"ListItem\",\"position\":1,\"name\":\"Home\",\"item\":\"https:\/\/ggchile.cl\/store\/\"},{\"@type\":\"ListItem\",\"position\":2,\"name\":\"Shop\",\"item\":\"https:\/\/ggchile.cl\/store\/shop-2\/\"},{\"@type\":\"ListItem\",\"position\":3,\"name\":\"Call of Duty Modern Warfare 3\"}]},{\"@type\":\"WebSite\",\"@id\":\"https:\/\/ggchile.cl\/store\/#website\",\"url\":\"https:\/\/ggchile.cl\/store\/\",\"name\":\"GGstore Chile\",\"description\":\"TU Tienda de juegos digitales!\",\"publisher\":{\"@id\":\"https:\/\/ggchile.cl\/store\/#organization\"},\"potentialAction\":[{\"@type\":\"SearchAction\",\"target\":{\"@type\":\"EntryPoint\",\"urlTemplate\":\"https:\/\/ggchile.cl\/store\/?s={search_term_string}\"},\"query-input\":{\"@type\":\"PropertyValueSpecification\",\"valueRequired\":true,\"valueName\":\"search_term_string\"}}],\"inLanguage\":\"es\"},{\"@type\":\"Organization\",\"@id\":\"https:\/\/ggchile.cl\/store\/#organization\",\"name\":\"GGstore Chile\",\"url\":\"https:\/\/ggchile.cl\/store\/\",\"logo\":{\"@type\":\"ImageObject\",\"inLanguage\":\"es\",\"@id\":\"https:\/\/ggchile.cl\/store\/#\/schema\/logo\/image\/\",\"url\":\"https:\/\/i0.wp.com\/ggchile.cl\/store\/wp-content\/uploads\/2021\/11\/cropped-icon.png?fit=400%2C400&ssl=1\",\"contentUrl\":\"https:\/\/i0.wp.com\/ggchile.cl\/store\/wp-content\/uploads\/2021\/11\/cropped-icon.png?fit=400%2C400&ssl=1\",\"width\":400,\"height\":400,\"caption\":\"GGstore Chile\"},\"image\":{\"@id\":\"https:\/\/ggchile.cl\/store\/#\/schema\/logo\/image\/\"}}]}<\/script>\n<!-- \/ Yoast SEO plugin. -->","yoast_head_json":{"title":"Call of Duty Modern Warfare 3 - GGstore Chile","robots":{"index":"index","follow":"follow","max-snippet":"max-snippet:-1","max-image-preview":"max-image-preview:large","max-video-preview":"max-video-preview:-1"},"canonical":"https:\/\/ggchile.cl\/store\/product\/call-of-duty-modern-warfare-3\/","og_locale":"es_ES","og_type":"article","og_title":"Call of Duty Modern Warfare 3 - GGstore Chile","og_description":"Acerca del juego El juego gira en torno a la Fuerza Operativa 141 (uno-cuatro-uno) y la trama se desarrolla en pr\u00e1cticamente todo el mundo, ya que el equipo multinacional debe","og_url":"https:\/\/ggchile.cl\/store\/product\/call-of-duty-modern-warfare-3\/","og_site_name":"GGstore Chile","article_modified_time":"2021-11-20T12:55:55+00:00","og_image":[{"width":271,"height":377,"url":"https:\/\/ggchile.cl\/store\/wp-content\/uploads\/2021\/11\/juego-steam-call-of-duty-modern-warfare-3-cover.jpg","type":"image\/jpeg"}],"twitter_card":"summary_large_image","twitter_misc":{"Tiempo de lectura":"4 minutos"},"schema":{"@context":"https:\/\/schema.org","@graph":[{"@type":"WebPage","@id":"https:\/\/ggchile.cl\/store\/product\/call-of-duty-modern-warfare-3\/","url":"https:\/\/ggchile.cl\/store\/product\/call-of-duty-modern-warfare-3\/","name":"Call of Duty Modern Warfare 3 - GGstore Chile","isPartOf":{"@id":"https:\/\/ggchile.cl\/store\/#website"},"primaryImageOfPage":{"@id":"https:\/\/ggchile.cl\/store\/product\/call-of-duty-modern-warfare-3\/#primaryimage"},"image":{"@id":"https:\/\/ggchile.cl\/store\/product\/call-of-duty-modern-warfare-3\/#primaryimage"},"thumbnailUrl":"https:\/\/i0.wp.com\/ggchile.cl\/store\/wp-content\/uploads\/2021\/11\/juego-steam-call-of-duty-modern-warfare-3-cover.jpg?fit=271%2C377&ssl=1","datePublished":"2021-11-20T12:55:54+00:00","dateModified":"2021-11-20T12:55:55+00:00","breadcrumb":{"@id":"https:\/\/ggchile.cl\/store\/product\/call-of-duty-modern-warfare-3\/#breadcrumb"},"inLanguage":"es","potentialAction":[{"@type":"ReadAction","target":["https:\/\/ggchile.cl\/store\/product\/call-of-duty-modern-warfare-3\/"]}]},{"@type":"ImageObject","inLanguage":"es","@id":"https:\/\/ggchile.cl\/store\/product\/call-of-duty-modern-warfare-3\/#primaryimage","url":"https:\/\/i0.wp.com\/ggchile.cl\/store\/wp-content\/uploads\/2021\/11\/juego-steam-call-of-duty-modern-warfare-3-cover.jpg?fit=271%2C377&ssl=1","contentUrl":"https:\/\/i0.wp.com\/ggchile.cl\/store\/wp-content\/uploads\/2021\/11\/juego-steam-call-of-duty-modern-warfare-3-cover.jpg?fit=271%2C377&ssl=1","width":271,"height":377},{"@type":"BreadcrumbList","@id":"https:\/\/ggchile.cl\/store\/product\/call-of-duty-modern-warfare-3\/#breadcrumb","itemListElement":[{"@type":"ListItem","position":1,"name":"Home","item":"https:\/\/ggchile.cl\/store\/"},{"@type":"ListItem","position":2,"name":"Shop","item":"https:\/\/ggchile.cl\/store\/shop-2\/"},{"@type":"ListItem","position":3,"name":"Call of Duty Modern Warfare 3"}]},{"@type":"WebSite","@id":"https:\/\/ggchile.cl\/store\/#website","url":"https:\/\/ggchile.cl\/store\/","name":"GGstore Chile","description":"TU Tienda de juegos digitales!","publisher":{"@id":"https:\/\/ggchile.cl\/store\/#organization"},"potentialAction":[{"@type":"SearchAction","target":{"@type":"EntryPoint","urlTemplate":"https:\/\/ggchile.cl\/store\/?s={search_term_string}"},"query-input":{"@type":"PropertyValueSpecification","valueRequired":true,"valueName":"search_term_string"}}],"inLanguage":"es"},{"@type":"Organization","@id":"https:\/\/ggchile.cl\/store\/#organization","name":"GGstore Chile","url":"https:\/\/ggchile.cl\/store\/","logo":{"@type":"ImageObject","inLanguage":"es","@id":"https:\/\/ggchile.cl\/store\/#\/schema\/logo\/image\/","url":"https:\/\/i0.wp.com\/ggchile.cl\/store\/wp-content\/uploads\/2021\/11\/cropped-icon.png?fit=400%2C400&ssl=1","contentUrl":"https:\/\/i0.wp.com\/ggchile.cl\/store\/wp-content\/uploads\/2021\/11\/cropped-icon.png?fit=400%2C400&ssl=1","width":400,"height":400,"caption":"GGstore Chile"},"image":{"@id":"https:\/\/ggchile.cl\/store\/#\/schema\/logo\/image\/"}}]}},"jetpack_sharing_enabled":true,"jetpack-related-posts":[],"_links":{"self":[{"href":"https:\/\/ggchile.cl\/store\/wp-json\/wp\/v2\/product\/5243","targetHints":{"allow":["GET"]}}],"collection":[{"href":"https:\/\/ggchile.cl\/store\/wp-json\/wp\/v2\/product"}],"about":[{"href":"https:\/\/ggchile.cl\/store\/wp-json\/wp\/v2\/types\/product"}],"replies":[{"embeddable":true,"href":"https:\/\/ggchile.cl\/store\/wp-json\/wp\/v2\/comments?post=5243"}],"wp:featuredmedia":[{"embeddable":true,"href":"https:\/\/ggchile.cl\/store\/wp-json\/wp\/v2\/media\/5244"}],"wp:attachment":[{"href":"https:\/\/ggchile.cl\/store\/wp-json\/wp\/v2\/media?parent=5243"}],"wp:term":[{"taxonomy":"product_brand","embeddable":true,"href":"https:\/\/ggchile.cl\/store\/wp-json\/wp\/v2\/product_brand?post=5243"},{"taxonomy":"product_cat","embeddable":true,"href":"https:\/\/ggchile.cl\/store\/wp-json\/wp\/v2\/product_cat?post=5243"},{"taxonomy":"product_tag","embeddable":true,"href":"https:\/\/ggchile.cl\/store\/wp-json\/wp\/v2\/product_tag?post=5243"}],"curies":[{"name":"wp","href":"https:\/\/api.w.org\/{rel}","templated":true}]}}