{"id":5253,"date":"2021-11-20T13:02:51","date_gmt":"2021-11-20T13:02:51","guid":{"rendered":"https:\/\/ggchile.cl\/store\/?post_type=product&#038;p=5253"},"modified":"2021-11-20T13:02:52","modified_gmt":"2021-11-20T13:02:52","slug":"dark-souls-ii-scholar-of-the-first-sin","status":"publish","type":"product","link":"https:\/\/ggchile.cl\/store\/product\/dark-souls-ii-scholar-of-the-first-sin\/","title":{"rendered":"Dark Souls II: Scholar of the First Sin"},"content":{"rendered":"<h2>Acerca de este juego<\/h2>\n<p>A los aficionados les espera una gran sorpresa en DARK SOULS\u2122 II: Scholar of the First Sin. Este ser\u00e1 un viaje inolvidable por un mundo sobrecogedor en el que cada rinc\u00f3n oscuro y cada encuentro inesperado pondr\u00e1n a prueba tu determinaci\u00f3n. Ve m\u00e1s all\u00e1 de cuanto cre\u00edas posible y descubre desaf\u00edos incre\u00edbles y experiencias fascinantes. Tanto si ya has jugado a DARK SOULS\u2122 II como si eres nuevo en la premiada franquicia, te espera una experiencia totalmente diferente en esta versi\u00f3n exclusiva que ofrece un &#8220;montaje del director&#8221; del juego.<\/p>\n<p>&#8211; La edici\u00f3n definitiva de DARK SOULS\u2122 II, que incluye todo el contenido de DARK SOULS\u2122 II publicado hasta la fecha en un solo paquete, \u00a1y mucho m\u00e1s!<\/p>\n<p>&#8211; Nueva experiencia y nuevos desaf\u00edos. Se ha replanteado la posici\u00f3n de los enemigos, lo que produce una din\u00e1mica de juego totalmente distinta a la experimentada anteriormente. \u00a1Las zonas seguras que recordaban algunos jugadores ya no lo son tanto! Un nuevo invasor PNJ llamado Solitario desempe\u00f1ar\u00e1 tambi\u00e9n un papel fundamental en la experiencia de juego. Los jugadores avezados tendr\u00e1n que olvidar todo lo que cre\u00edan saber sobre DARK SOULS\u2122 II.<\/p>\n<p>&#8211; El juego en l\u00ednea se ha mejorado con la inclusi\u00f3n de un objeto especial para regular las almas obtenidas en batalla; ya es posible realizar una b\u00fasqueda de jugadores m\u00e1s eficaz en las partidas en l\u00ednea. El n\u00famero de jugadores que pueden participar en una sesi\u00f3n en l\u00ednea tambi\u00e9n ha aumentado de 4 a 6 personas, lo cual cambia por completo la din\u00e1mica del juego en l\u00ednea.<\/p>\n<p>DARK SOULS\u2122 II: Scholar of the First Sin lleva la caracter\u00edstica oscuridad de la franquicia y su apasionante jugabilidad a un nuevo nivel. \u00danete al oscuro viaje y experimenta los sobrecogedores encuentros con enemigos, los peligros diab\u00f3licos y los desaf\u00edos implacables.<\/p>\n","protected":false},"excerpt":{"rendered":"<p>Acerca de este juego A los aficionados les espera una gran sorpresa en DARK SOULS\u2122 II: Scholar of the First Sin. Este ser\u00e1 un viaje inolvidable por un mundo sobrecogedor<\/p>\n","protected":false},"featured_media":5254,"comment_status":"open","ping_status":"closed","template":"","meta":[],"product_brand":[],"product_cat":[234,238,232,226],"product_tag":[],"class_list":{"0":"post-5253","1":"product","2":"type-product","3":"status-publish","4":"has-post-thumbnail","6":"product_cat-accion-y-aventura","7":"product_cat-rpg","8":"product_cat-playstation","9":"product_cat-playstation-3","11":"first","12":"instock","13":"sale","14":"shipping-taxable","15":"purchasable","16":"product-type-simple"},"yoast_head":"<!-- This site is optimized with the Yoast SEO plugin v26.9 - https:\/\/yoast.com\/product\/yoast-seo-wordpress\/ -->\n<title>Dark Souls II: Scholar of the First Sin - GGstore Chile<\/title>\n<meta name=\"robots\" content=\"index, follow, max-snippet:-1, max-image-preview:large, max-video-preview:-1\" \/>\n<link rel=\"canonical\" href=\"https:\/\/ggchile.cl\/store\/product\/dark-souls-ii-scholar-of-the-first-sin\/\" \/>\n<meta property=\"og:locale\" content=\"es_ES\" \/>\n<meta property=\"og:type\" content=\"article\" \/>\n<meta property=\"og:title\" content=\"Dark Souls II: Scholar of the First Sin - GGstore Chile\" \/>\n<meta property=\"og:description\" content=\"Acerca de este juego A los aficionados les espera una gran sorpresa en DARK SOULS\u2122 II: Scholar of the First Sin. Este ser\u00e1 un viaje inolvidable por un mundo sobrecogedor\" \/>\n<meta property=\"og:url\" content=\"https:\/\/ggchile.cl\/store\/product\/dark-souls-ii-scholar-of-the-first-sin\/\" \/>\n<meta property=\"og:site_name\" content=\"GGstore Chile\" \/>\n<meta property=\"article:modified_time\" content=\"2021-11-20T13:02:52+00:00\" \/>\n<meta property=\"og:image\" content=\"https:\/\/ggchile.cl\/store\/wp-content\/uploads\/2021\/11\/juego-steam-dark-souls-ii-scholar-of-the-first-sin-cover.jpg\" \/>\n\t<meta property=\"og:image:width\" content=\"271\" \/>\n\t<meta property=\"og:image:height\" content=\"377\" \/>\n\t<meta property=\"og:image:type\" content=\"image\/jpeg\" \/>\n<meta name=\"twitter:card\" content=\"summary_large_image\" \/>\n<meta name=\"twitter:label1\" content=\"Tiempo de lectura\" \/>\n\t<meta name=\"twitter:data1\" content=\"2 minutos\" \/>\n<script type=\"application\/ld+json\" class=\"yoast-schema-graph\">{\"@context\":\"https:\/\/schema.org\",\"@graph\":[{\"@type\":\"WebPage\",\"@id\":\"https:\/\/ggchile.cl\/store\/product\/dark-souls-ii-scholar-of-the-first-sin\/\",\"url\":\"https:\/\/ggchile.cl\/store\/product\/dark-souls-ii-scholar-of-the-first-sin\/\",\"name\":\"Dark Souls II: Scholar of the First Sin - GGstore Chile\",\"isPartOf\":{\"@id\":\"https:\/\/ggchile.cl\/store\/#website\"},\"primaryImageOfPage\":{\"@id\":\"https:\/\/ggchile.cl\/store\/product\/dark-souls-ii-scholar-of-the-first-sin\/#primaryimage\"},\"image\":{\"@id\":\"https:\/\/ggchile.cl\/store\/product\/dark-souls-ii-scholar-of-the-first-sin\/#primaryimage\"},\"thumbnailUrl\":\"https:\/\/i0.wp.com\/ggchile.cl\/store\/wp-content\/uploads\/2021\/11\/juego-steam-dark-souls-ii-scholar-of-the-first-sin-cover.jpg?fit=271%2C377&ssl=1\",\"datePublished\":\"2021-11-20T13:02:51+00:00\",\"dateModified\":\"2021-11-20T13:02:52+00:00\",\"breadcrumb\":{\"@id\":\"https:\/\/ggchile.cl\/store\/product\/dark-souls-ii-scholar-of-the-first-sin\/#breadcrumb\"},\"inLanguage\":\"es\",\"potentialAction\":[{\"@type\":\"ReadAction\",\"target\":[\"https:\/\/ggchile.cl\/store\/product\/dark-souls-ii-scholar-of-the-first-sin\/\"]}]},{\"@type\":\"ImageObject\",\"inLanguage\":\"es\",\"@id\":\"https:\/\/ggchile.cl\/store\/product\/dark-souls-ii-scholar-of-the-first-sin\/#primaryimage\",\"url\":\"https:\/\/i0.wp.com\/ggchile.cl\/store\/wp-content\/uploads\/2021\/11\/juego-steam-dark-souls-ii-scholar-of-the-first-sin-cover.jpg?fit=271%2C377&ssl=1\",\"contentUrl\":\"https:\/\/i0.wp.com\/ggchile.cl\/store\/wp-content\/uploads\/2021\/11\/juego-steam-dark-souls-ii-scholar-of-the-first-sin-cover.jpg?fit=271%2C377&ssl=1\",\"width\":271,\"height\":377},{\"@type\":\"BreadcrumbList\",\"@id\":\"https:\/\/ggchile.cl\/store\/product\/dark-souls-ii-scholar-of-the-first-sin\/#breadcrumb\",\"itemListElement\":[{\"@type\":\"ListItem\",\"position\":1,\"name\":\"Home\",\"item\":\"https:\/\/ggchile.cl\/store\/\"},{\"@type\":\"ListItem\",\"position\":2,\"name\":\"Shop\",\"item\":\"https:\/\/ggchile.cl\/store\/shop-2\/\"},{\"@type\":\"ListItem\",\"position\":3,\"name\":\"Dark Souls II: Scholar of the First Sin\"}]},{\"@type\":\"WebSite\",\"@id\":\"https:\/\/ggchile.cl\/store\/#website\",\"url\":\"https:\/\/ggchile.cl\/store\/\",\"name\":\"GGstore Chile\",\"description\":\"TU Tienda de juegos digitales!\",\"publisher\":{\"@id\":\"https:\/\/ggchile.cl\/store\/#organization\"},\"potentialAction\":[{\"@type\":\"SearchAction\",\"target\":{\"@type\":\"EntryPoint\",\"urlTemplate\":\"https:\/\/ggchile.cl\/store\/?s={search_term_string}\"},\"query-input\":{\"@type\":\"PropertyValueSpecification\",\"valueRequired\":true,\"valueName\":\"search_term_string\"}}],\"inLanguage\":\"es\"},{\"@type\":\"Organization\",\"@id\":\"https:\/\/ggchile.cl\/store\/#organization\",\"name\":\"GGstore Chile\",\"url\":\"https:\/\/ggchile.cl\/store\/\",\"logo\":{\"@type\":\"ImageObject\",\"inLanguage\":\"es\",\"@id\":\"https:\/\/ggchile.cl\/store\/#\/schema\/logo\/image\/\",\"url\":\"https:\/\/i0.wp.com\/ggchile.cl\/store\/wp-content\/uploads\/2021\/11\/cropped-icon.png?fit=400%2C400&ssl=1\",\"contentUrl\":\"https:\/\/i0.wp.com\/ggchile.cl\/store\/wp-content\/uploads\/2021\/11\/cropped-icon.png?fit=400%2C400&ssl=1\",\"width\":400,\"height\":400,\"caption\":\"GGstore Chile\"},\"image\":{\"@id\":\"https:\/\/ggchile.cl\/store\/#\/schema\/logo\/image\/\"}}]}<\/script>\n<!-- \/ Yoast SEO plugin. -->","yoast_head_json":{"title":"Dark Souls II: Scholar of the First Sin - GGstore Chile","robots":{"index":"index","follow":"follow","max-snippet":"max-snippet:-1","max-image-preview":"max-image-preview:large","max-video-preview":"max-video-preview:-1"},"canonical":"https:\/\/ggchile.cl\/store\/product\/dark-souls-ii-scholar-of-the-first-sin\/","og_locale":"es_ES","og_type":"article","og_title":"Dark Souls II: Scholar of the First Sin - GGstore Chile","og_description":"Acerca de este juego A los aficionados les espera una gran sorpresa en DARK SOULS\u2122 II: Scholar of the First Sin. Este ser\u00e1 un viaje inolvidable por un mundo sobrecogedor","og_url":"https:\/\/ggchile.cl\/store\/product\/dark-souls-ii-scholar-of-the-first-sin\/","og_site_name":"GGstore Chile","article_modified_time":"2021-11-20T13:02:52+00:00","og_image":[{"width":271,"height":377,"url":"https:\/\/ggchile.cl\/store\/wp-content\/uploads\/2021\/11\/juego-steam-dark-souls-ii-scholar-of-the-first-sin-cover.jpg","type":"image\/jpeg"}],"twitter_card":"summary_large_image","twitter_misc":{"Tiempo de lectura":"2 minutos"},"schema":{"@context":"https:\/\/schema.org","@graph":[{"@type":"WebPage","@id":"https:\/\/ggchile.cl\/store\/product\/dark-souls-ii-scholar-of-the-first-sin\/","url":"https:\/\/ggchile.cl\/store\/product\/dark-souls-ii-scholar-of-the-first-sin\/","name":"Dark Souls II: Scholar of the First Sin - GGstore Chile","isPartOf":{"@id":"https:\/\/ggchile.cl\/store\/#website"},"primaryImageOfPage":{"@id":"https:\/\/ggchile.cl\/store\/product\/dark-souls-ii-scholar-of-the-first-sin\/#primaryimage"},"image":{"@id":"https:\/\/ggchile.cl\/store\/product\/dark-souls-ii-scholar-of-the-first-sin\/#primaryimage"},"thumbnailUrl":"https:\/\/i0.wp.com\/ggchile.cl\/store\/wp-content\/uploads\/2021\/11\/juego-steam-dark-souls-ii-scholar-of-the-first-sin-cover.jpg?fit=271%2C377&ssl=1","datePublished":"2021-11-20T13:02:51+00:00","dateModified":"2021-11-20T13:02:52+00:00","breadcrumb":{"@id":"https:\/\/ggchile.cl\/store\/product\/dark-souls-ii-scholar-of-the-first-sin\/#breadcrumb"},"inLanguage":"es","potentialAction":[{"@type":"ReadAction","target":["https:\/\/ggchile.cl\/store\/product\/dark-souls-ii-scholar-of-the-first-sin\/"]}]},{"@type":"ImageObject","inLanguage":"es","@id":"https:\/\/ggchile.cl\/store\/product\/dark-souls-ii-scholar-of-the-first-sin\/#primaryimage","url":"https:\/\/i0.wp.com\/ggchile.cl\/store\/wp-content\/uploads\/2021\/11\/juego-steam-dark-souls-ii-scholar-of-the-first-sin-cover.jpg?fit=271%2C377&ssl=1","contentUrl":"https:\/\/i0.wp.com\/ggchile.cl\/store\/wp-content\/uploads\/2021\/11\/juego-steam-dark-souls-ii-scholar-of-the-first-sin-cover.jpg?fit=271%2C377&ssl=1","width":271,"height":377},{"@type":"BreadcrumbList","@id":"https:\/\/ggchile.cl\/store\/product\/dark-souls-ii-scholar-of-the-first-sin\/#breadcrumb","itemListElement":[{"@type":"ListItem","position":1,"name":"Home","item":"https:\/\/ggchile.cl\/store\/"},{"@type":"ListItem","position":2,"name":"Shop","item":"https:\/\/ggchile.cl\/store\/shop-2\/"},{"@type":"ListItem","position":3,"name":"Dark Souls II: Scholar of the First Sin"}]},{"@type":"WebSite","@id":"https:\/\/ggchile.cl\/store\/#website","url":"https:\/\/ggchile.cl\/store\/","name":"GGstore Chile","description":"TU Tienda de juegos digitales!","publisher":{"@id":"https:\/\/ggchile.cl\/store\/#organization"},"potentialAction":[{"@type":"SearchAction","target":{"@type":"EntryPoint","urlTemplate":"https:\/\/ggchile.cl\/store\/?s={search_term_string}"},"query-input":{"@type":"PropertyValueSpecification","valueRequired":true,"valueName":"search_term_string"}}],"inLanguage":"es"},{"@type":"Organization","@id":"https:\/\/ggchile.cl\/store\/#organization","name":"GGstore Chile","url":"https:\/\/ggchile.cl\/store\/","logo":{"@type":"ImageObject","inLanguage":"es","@id":"https:\/\/ggchile.cl\/store\/#\/schema\/logo\/image\/","url":"https:\/\/i0.wp.com\/ggchile.cl\/store\/wp-content\/uploads\/2021\/11\/cropped-icon.png?fit=400%2C400&ssl=1","contentUrl":"https:\/\/i0.wp.com\/ggchile.cl\/store\/wp-content\/uploads\/2021\/11\/cropped-icon.png?fit=400%2C400&ssl=1","width":400,"height":400,"caption":"GGstore Chile"},"image":{"@id":"https:\/\/ggchile.cl\/store\/#\/schema\/logo\/image\/"}}]}},"jetpack_sharing_enabled":true,"jetpack-related-posts":[],"_links":{"self":[{"href":"https:\/\/ggchile.cl\/store\/wp-json\/wp\/v2\/product\/5253","targetHints":{"allow":["GET"]}}],"collection":[{"href":"https:\/\/ggchile.cl\/store\/wp-json\/wp\/v2\/product"}],"about":[{"href":"https:\/\/ggchile.cl\/store\/wp-json\/wp\/v2\/types\/product"}],"replies":[{"embeddable":true,"href":"https:\/\/ggchile.cl\/store\/wp-json\/wp\/v2\/comments?post=5253"}],"wp:featuredmedia":[{"embeddable":true,"href":"https:\/\/ggchile.cl\/store\/wp-json\/wp\/v2\/media\/5254"}],"wp:attachment":[{"href":"https:\/\/ggchile.cl\/store\/wp-json\/wp\/v2\/media?parent=5253"}],"wp:term":[{"taxonomy":"product_brand","embeddable":true,"href":"https:\/\/ggchile.cl\/store\/wp-json\/wp\/v2\/product_brand?post=5253"},{"taxonomy":"product_cat","embeddable":true,"href":"https:\/\/ggchile.cl\/store\/wp-json\/wp\/v2\/product_cat?post=5253"},{"taxonomy":"product_tag","embeddable":true,"href":"https:\/\/ggchile.cl\/store\/wp-json\/wp\/v2\/product_tag?post=5253"}],"curies":[{"name":"wp","href":"https:\/\/api.w.org\/{rel}","templated":true}]}}