{"id":5267,"date":"2021-11-20T13:10:44","date_gmt":"2021-11-20T13:10:44","guid":{"rendered":"https:\/\/ggchile.cl\/store\/?post_type=product&#038;p=5267"},"modified":"2021-11-20T13:10:44","modified_gmt":"2021-11-20T13:10:44","slug":"farcry-4","status":"publish","type":"product","link":"https:\/\/ggchile.cl\/store\/product\/farcry-4\/","title":{"rendered":"FarCry 4"},"content":{"rendered":"","protected":false},"excerpt":{"rendered":"<h2>Acerca de este juego<\/h2>\n<p>Oculto en la rec\u00f3ndita cordillera del Himalaya se encuentra Kyrat, un pa\u00eds anclado en la tradici\u00f3n y la violencia. Eres Ajay Ghale. Viajar\u00e1s a Kyrat para cumplir con el \u00faltimo deseo de tu madre, pero una vez all\u00ed te ver\u00e1s atrapado en una guerra civil desatada para acabar con el r\u00e9gimen opresivo del dictador Pagan Min. Explora y navega este gigantesco mundo de juego, en el que el peligro y los imprevistos acechan a la vuelta de cualquier esquina. Cada decisi\u00f3n que tomes aqu\u00ed cuenta, y cada segundo es una historia. Bienvenido a Kyrat.<\/p>\n<p>Caracter\u00edsticas principales<\/p>\n<p>\u2022 EXPLORA UN MUNDO ABIERTO LLENO DE POSIBILIDADES<br \/>\nDescubre el mundo de Far Cry m\u00e1s diverso creado hasta ahora. Con escenarios que van desde los bosques m\u00e1s frondosos hasta las cimas nevadas del Himalaya, recorrer\u00e1s un mundo entero lleno de vida&#8230; y de muerte.<br \/>\n&#8211; Leopardos, rinocerontes, \u00e1guilas negras, o feroces tejones meleros abundan en un Kyrat habitado por una abundante vida salvaje. Mientras buscas los recursos que necesitas, siempre sabr\u00e1s que algo puede estar a punto de cazarte&#8230;<br \/>\n&#8211; Otea bien el territorio enemigo desde las alturas en el nuevo autogiro, y l\u00e1nzate en picado a tierra r\u00e1pidamente con tu nuevo traje a\u00e9reo. Trepa a lo alto de un elefante de seis toneladas y desata su impresionante fuerza sobre tus enemigos.<br \/>\n&#8211; Elige el arma m\u00e1s adecuada para cada trabajo, da igual lo anormal o impredecible que este pueda ser. Gracias a un arsenal de lo m\u00e1s variopinto, estar\u00e1s preparado para cualquier eventualidad.<\/p>\n<p>\u2022 MODO COOPERATIVO: JUEGA CON TUS AMIGOS<br \/>\nNo todos los viajes son para hacerlos en solitario. Far Cry 4 permite que un segundo jugador entre y salga de la partida en cualquier punto, redefiniendo as\u00ed la experiencia del modo cooperativo con la esencia m\u00e1s aut\u00e9ntica de Far Cry de cara a la nueva generaci\u00f3n. Ahora podr\u00e1s descubrir y explorar el vibrante mundo abierto de Kyrat acompa\u00f1ado.<\/p>\n","protected":false},"featured_media":5268,"comment_status":"open","ping_status":"closed","template":"","meta":[],"product_brand":[],"product_cat":[234,232,226],"product_tag":[],"class_list":{"0":"post-5267","1":"product","2":"type-product","3":"status-publish","4":"has-post-thumbnail","6":"product_cat-accion-y-aventura","7":"product_cat-playstation","8":"product_cat-playstation-3","10":"first","11":"instock","12":"shipping-taxable","13":"purchasable","14":"product-type-simple"},"yoast_head":"<!-- This site is optimized with the Yoast SEO plugin v26.9 - https:\/\/yoast.com\/product\/yoast-seo-wordpress\/ -->\n<title>FarCry 4 - GGstore Chile<\/title>\n<meta name=\"robots\" content=\"index, follow, max-snippet:-1, max-image-preview:large, max-video-preview:-1\" \/>\n<link rel=\"canonical\" href=\"https:\/\/ggchile.cl\/store\/product\/farcry-4\/\" \/>\n<meta property=\"og:locale\" content=\"es_ES\" \/>\n<meta property=\"og:type\" content=\"article\" \/>\n<meta property=\"og:title\" content=\"FarCry 4 - GGstore Chile\" \/>\n<meta property=\"og:description\" content=\"Acerca de este juego Oculto en la rec\u00f3ndita cordillera del Himalaya se encuentra Kyrat, un pa\u00eds anclado en la tradici\u00f3n y la violencia. Eres Ajay Ghale. Viajar\u00e1s a Kyrat para cumplir con el \u00faltimo deseo de tu madre, pero una vez all\u00ed te ver\u00e1s atrapado en una guerra civil desatada para acabar con el r\u00e9gimen opresivo del dictador Pagan Min. Explora y navega este gigantesco mundo de juego, en el que el peligro y los imprevistos acechan a la vuelta de cualquier esquina. Cada decisi\u00f3n que tomes aqu\u00ed cuenta, y cada segundo es una historia. Bienvenido a Kyrat.  Caracter\u00edsticas principales  \u2022 EXPLORA UN MUNDO ABIERTO LLENO DE POSIBILIDADES Descubre el mundo de Far Cry m\u00e1s diverso creado hasta ahora. Con escenarios que van desde los bosques m\u00e1s frondosos hasta las cimas nevadas del Himalaya, recorrer\u00e1s un mundo entero lleno de vida... y de muerte. - Leopardos, rinocerontes, \u00e1guilas negras, o feroces tejones meleros abundan en un Kyrat habitado por una abundante vida salvaje. Mientras buscas los recursos que necesitas, siempre sabr\u00e1s que algo puede estar a punto de cazarte... - Otea bien el territorio enemigo desde las alturas en el nuevo autogiro, y l\u00e1nzate en picado a tierra r\u00e1pidamente con tu nuevo traje a\u00e9reo. Trepa a lo alto de un elefante de seis toneladas y desata su impresionante fuerza sobre tus enemigos. - Elige el arma m\u00e1s adecuada para cada trabajo, da igual lo anormal o impredecible que este pueda ser. Gracias a un arsenal de lo m\u00e1s variopinto, estar\u00e1s preparado para cualquier eventualidad.  \u2022 MODO COOPERATIVO: JUEGA CON TUS AMIGOS No todos los viajes son para hacerlos en solitario. Far Cry 4 permite que un segundo jugador entre y salga de la partida en cualquier punto, redefiniendo as\u00ed la experiencia del modo cooperativo con la esencia m\u00e1s aut\u00e9ntica de Far Cry de cara a la nueva generaci\u00f3n. Ahora podr\u00e1s descubrir y explorar el vibrante mundo abierto de Kyrat acompa\u00f1ado.\" \/>\n<meta property=\"og:url\" content=\"https:\/\/ggchile.cl\/store\/product\/farcry-4\/\" \/>\n<meta property=\"og:site_name\" content=\"GGstore Chile\" \/>\n<meta property=\"og:image\" content=\"https:\/\/ggchile.cl\/store\/wp-content\/uploads\/2021\/11\/juego-uplay-far-cry-4-cover.jpg\" \/>\n\t<meta property=\"og:image:width\" content=\"271\" \/>\n\t<meta property=\"og:image:height\" content=\"377\" \/>\n\t<meta property=\"og:image:type\" content=\"image\/jpeg\" \/>\n<meta name=\"twitter:card\" content=\"summary_large_image\" \/>\n<script type=\"application\/ld+json\" class=\"yoast-schema-graph\">{\"@context\":\"https:\/\/schema.org\",\"@graph\":[{\"@type\":\"WebPage\",\"@id\":\"https:\/\/ggchile.cl\/store\/product\/farcry-4\/\",\"url\":\"https:\/\/ggchile.cl\/store\/product\/farcry-4\/\",\"name\":\"FarCry 4 - GGstore Chile\",\"isPartOf\":{\"@id\":\"https:\/\/ggchile.cl\/store\/#website\"},\"primaryImageOfPage\":{\"@id\":\"https:\/\/ggchile.cl\/store\/product\/farcry-4\/#primaryimage\"},\"image\":{\"@id\":\"https:\/\/ggchile.cl\/store\/product\/farcry-4\/#primaryimage\"},\"thumbnailUrl\":\"https:\/\/i0.wp.com\/ggchile.cl\/store\/wp-content\/uploads\/2021\/11\/juego-uplay-far-cry-4-cover.jpg?fit=271%2C377&ssl=1\",\"datePublished\":\"2021-11-20T13:10:44+00:00\",\"breadcrumb\":{\"@id\":\"https:\/\/ggchile.cl\/store\/product\/farcry-4\/#breadcrumb\"},\"inLanguage\":\"es\",\"potentialAction\":[{\"@type\":\"ReadAction\",\"target\":[\"https:\/\/ggchile.cl\/store\/product\/farcry-4\/\"]}]},{\"@type\":\"ImageObject\",\"inLanguage\":\"es\",\"@id\":\"https:\/\/ggchile.cl\/store\/product\/farcry-4\/#primaryimage\",\"url\":\"https:\/\/i0.wp.com\/ggchile.cl\/store\/wp-content\/uploads\/2021\/11\/juego-uplay-far-cry-4-cover.jpg?fit=271%2C377&ssl=1\",\"contentUrl\":\"https:\/\/i0.wp.com\/ggchile.cl\/store\/wp-content\/uploads\/2021\/11\/juego-uplay-far-cry-4-cover.jpg?fit=271%2C377&ssl=1\",\"width\":271,\"height\":377},{\"@type\":\"BreadcrumbList\",\"@id\":\"https:\/\/ggchile.cl\/store\/product\/farcry-4\/#breadcrumb\",\"itemListElement\":[{\"@type\":\"ListItem\",\"position\":1,\"name\":\"Home\",\"item\":\"https:\/\/ggchile.cl\/store\/\"},{\"@type\":\"ListItem\",\"position\":2,\"name\":\"Shop\",\"item\":\"https:\/\/ggchile.cl\/store\/shop-2\/\"},{\"@type\":\"ListItem\",\"position\":3,\"name\":\"FarCry 4\"}]},{\"@type\":\"WebSite\",\"@id\":\"https:\/\/ggchile.cl\/store\/#website\",\"url\":\"https:\/\/ggchile.cl\/store\/\",\"name\":\"GGstore Chile\",\"description\":\"TU Tienda de juegos digitales!\",\"publisher\":{\"@id\":\"https:\/\/ggchile.cl\/store\/#organization\"},\"potentialAction\":[{\"@type\":\"SearchAction\",\"target\":{\"@type\":\"EntryPoint\",\"urlTemplate\":\"https:\/\/ggchile.cl\/store\/?s={search_term_string}\"},\"query-input\":{\"@type\":\"PropertyValueSpecification\",\"valueRequired\":true,\"valueName\":\"search_term_string\"}}],\"inLanguage\":\"es\"},{\"@type\":\"Organization\",\"@id\":\"https:\/\/ggchile.cl\/store\/#organization\",\"name\":\"GGstore Chile\",\"url\":\"https:\/\/ggchile.cl\/store\/\",\"logo\":{\"@type\":\"ImageObject\",\"inLanguage\":\"es\",\"@id\":\"https:\/\/ggchile.cl\/store\/#\/schema\/logo\/image\/\",\"url\":\"https:\/\/i0.wp.com\/ggchile.cl\/store\/wp-content\/uploads\/2021\/11\/cropped-icon.png?fit=400%2C400&ssl=1\",\"contentUrl\":\"https:\/\/i0.wp.com\/ggchile.cl\/store\/wp-content\/uploads\/2021\/11\/cropped-icon.png?fit=400%2C400&ssl=1\",\"width\":400,\"height\":400,\"caption\":\"GGstore Chile\"},\"image\":{\"@id\":\"https:\/\/ggchile.cl\/store\/#\/schema\/logo\/image\/\"}}]}<\/script>\n<!-- \/ Yoast SEO plugin. -->","yoast_head_json":{"title":"FarCry 4 - GGstore Chile","robots":{"index":"index","follow":"follow","max-snippet":"max-snippet:-1","max-image-preview":"max-image-preview:large","max-video-preview":"max-video-preview:-1"},"canonical":"https:\/\/ggchile.cl\/store\/product\/farcry-4\/","og_locale":"es_ES","og_type":"article","og_title":"FarCry 4 - GGstore Chile","og_description":"Acerca de este juego Oculto en la rec\u00f3ndita cordillera del Himalaya se encuentra Kyrat, un pa\u00eds anclado en la tradici\u00f3n y la violencia. Eres Ajay Ghale. Viajar\u00e1s a Kyrat para cumplir con el \u00faltimo deseo de tu madre, pero una vez all\u00ed te ver\u00e1s atrapado en una guerra civil desatada para acabar con el r\u00e9gimen opresivo del dictador Pagan Min. Explora y navega este gigantesco mundo de juego, en el que el peligro y los imprevistos acechan a la vuelta de cualquier esquina. Cada decisi\u00f3n que tomes aqu\u00ed cuenta, y cada segundo es una historia. Bienvenido a Kyrat.  Caracter\u00edsticas principales  \u2022 EXPLORA UN MUNDO ABIERTO LLENO DE POSIBILIDADES Descubre el mundo de Far Cry m\u00e1s diverso creado hasta ahora. Con escenarios que van desde los bosques m\u00e1s frondosos hasta las cimas nevadas del Himalaya, recorrer\u00e1s un mundo entero lleno de vida... y de muerte. - Leopardos, rinocerontes, \u00e1guilas negras, o feroces tejones meleros abundan en un Kyrat habitado por una abundante vida salvaje. Mientras buscas los recursos que necesitas, siempre sabr\u00e1s que algo puede estar a punto de cazarte... - Otea bien el territorio enemigo desde las alturas en el nuevo autogiro, y l\u00e1nzate en picado a tierra r\u00e1pidamente con tu nuevo traje a\u00e9reo. Trepa a lo alto de un elefante de seis toneladas y desata su impresionante fuerza sobre tus enemigos. - Elige el arma m\u00e1s adecuada para cada trabajo, da igual lo anormal o impredecible que este pueda ser. Gracias a un arsenal de lo m\u00e1s variopinto, estar\u00e1s preparado para cualquier eventualidad.  \u2022 MODO COOPERATIVO: JUEGA CON TUS AMIGOS No todos los viajes son para hacerlos en solitario. Far Cry 4 permite que un segundo jugador entre y salga de la partida en cualquier punto, redefiniendo as\u00ed la experiencia del modo cooperativo con la esencia m\u00e1s aut\u00e9ntica de Far Cry de cara a la nueva generaci\u00f3n. Ahora podr\u00e1s descubrir y explorar el vibrante mundo abierto de Kyrat acompa\u00f1ado.","og_url":"https:\/\/ggchile.cl\/store\/product\/farcry-4\/","og_site_name":"GGstore Chile","og_image":[{"width":271,"height":377,"url":"https:\/\/ggchile.cl\/store\/wp-content\/uploads\/2021\/11\/juego-uplay-far-cry-4-cover.jpg","type":"image\/jpeg"}],"twitter_card":"summary_large_image","schema":{"@context":"https:\/\/schema.org","@graph":[{"@type":"WebPage","@id":"https:\/\/ggchile.cl\/store\/product\/farcry-4\/","url":"https:\/\/ggchile.cl\/store\/product\/farcry-4\/","name":"FarCry 4 - GGstore Chile","isPartOf":{"@id":"https:\/\/ggchile.cl\/store\/#website"},"primaryImageOfPage":{"@id":"https:\/\/ggchile.cl\/store\/product\/farcry-4\/#primaryimage"},"image":{"@id":"https:\/\/ggchile.cl\/store\/product\/farcry-4\/#primaryimage"},"thumbnailUrl":"https:\/\/i0.wp.com\/ggchile.cl\/store\/wp-content\/uploads\/2021\/11\/juego-uplay-far-cry-4-cover.jpg?fit=271%2C377&ssl=1","datePublished":"2021-11-20T13:10:44+00:00","breadcrumb":{"@id":"https:\/\/ggchile.cl\/store\/product\/farcry-4\/#breadcrumb"},"inLanguage":"es","potentialAction":[{"@type":"ReadAction","target":["https:\/\/ggchile.cl\/store\/product\/farcry-4\/"]}]},{"@type":"ImageObject","inLanguage":"es","@id":"https:\/\/ggchile.cl\/store\/product\/farcry-4\/#primaryimage","url":"https:\/\/i0.wp.com\/ggchile.cl\/store\/wp-content\/uploads\/2021\/11\/juego-uplay-far-cry-4-cover.jpg?fit=271%2C377&ssl=1","contentUrl":"https:\/\/i0.wp.com\/ggchile.cl\/store\/wp-content\/uploads\/2021\/11\/juego-uplay-far-cry-4-cover.jpg?fit=271%2C377&ssl=1","width":271,"height":377},{"@type":"BreadcrumbList","@id":"https:\/\/ggchile.cl\/store\/product\/farcry-4\/#breadcrumb","itemListElement":[{"@type":"ListItem","position":1,"name":"Home","item":"https:\/\/ggchile.cl\/store\/"},{"@type":"ListItem","position":2,"name":"Shop","item":"https:\/\/ggchile.cl\/store\/shop-2\/"},{"@type":"ListItem","position":3,"name":"FarCry 4"}]},{"@type":"WebSite","@id":"https:\/\/ggchile.cl\/store\/#website","url":"https:\/\/ggchile.cl\/store\/","name":"GGstore Chile","description":"TU Tienda de juegos digitales!","publisher":{"@id":"https:\/\/ggchile.cl\/store\/#organization"},"potentialAction":[{"@type":"SearchAction","target":{"@type":"EntryPoint","urlTemplate":"https:\/\/ggchile.cl\/store\/?s={search_term_string}"},"query-input":{"@type":"PropertyValueSpecification","valueRequired":true,"valueName":"search_term_string"}}],"inLanguage":"es"},{"@type":"Organization","@id":"https:\/\/ggchile.cl\/store\/#organization","name":"GGstore Chile","url":"https:\/\/ggchile.cl\/store\/","logo":{"@type":"ImageObject","inLanguage":"es","@id":"https:\/\/ggchile.cl\/store\/#\/schema\/logo\/image\/","url":"https:\/\/i0.wp.com\/ggchile.cl\/store\/wp-content\/uploads\/2021\/11\/cropped-icon.png?fit=400%2C400&ssl=1","contentUrl":"https:\/\/i0.wp.com\/ggchile.cl\/store\/wp-content\/uploads\/2021\/11\/cropped-icon.png?fit=400%2C400&ssl=1","width":400,"height":400,"caption":"GGstore Chile"},"image":{"@id":"https:\/\/ggchile.cl\/store\/#\/schema\/logo\/image\/"}}]}},"jetpack_sharing_enabled":true,"jetpack-related-posts":[],"_links":{"self":[{"href":"https:\/\/ggchile.cl\/store\/wp-json\/wp\/v2\/product\/5267","targetHints":{"allow":["GET"]}}],"collection":[{"href":"https:\/\/ggchile.cl\/store\/wp-json\/wp\/v2\/product"}],"about":[{"href":"https:\/\/ggchile.cl\/store\/wp-json\/wp\/v2\/types\/product"}],"replies":[{"embeddable":true,"href":"https:\/\/ggchile.cl\/store\/wp-json\/wp\/v2\/comments?post=5267"}],"wp:featuredmedia":[{"embeddable":true,"href":"https:\/\/ggchile.cl\/store\/wp-json\/wp\/v2\/media\/5268"}],"wp:attachment":[{"href":"https:\/\/ggchile.cl\/store\/wp-json\/wp\/v2\/media?parent=5267"}],"wp:term":[{"taxonomy":"product_brand","embeddable":true,"href":"https:\/\/ggchile.cl\/store\/wp-json\/wp\/v2\/product_brand?post=5267"},{"taxonomy":"product_cat","embeddable":true,"href":"https:\/\/ggchile.cl\/store\/wp-json\/wp\/v2\/product_cat?post=5267"},{"taxonomy":"product_tag","embeddable":true,"href":"https:\/\/ggchile.cl\/store\/wp-json\/wp\/v2\/product_tag?post=5267"}],"curies":[{"name":"wp","href":"https:\/\/api.w.org\/{rel}","templated":true}]}}