{"id":5274,"date":"2021-11-20T13:17:05","date_gmt":"2021-11-20T13:17:05","guid":{"rendered":"https:\/\/ggchile.cl\/store\/?post_type=product&#038;p=5274"},"modified":"2021-11-20T13:17:06","modified_gmt":"2021-11-20T13:17:06","slug":"fifa-19","status":"publish","type":"product","link":"https:\/\/ggchile.cl\/store\/product\/fifa-19\/","title":{"rendered":"Fifa 19"},"content":{"rendered":"<h2>\u00bfQu\u00e9 novedades trae FIFA 19?<\/h2>\n<p>Esta edici\u00f3n pinta que ser\u00e1 un juegazo \u00e9pico con las licencias oficiales de las competiciones UEFA y las nuevas mec\u00e1nicas que han desarrollado desde EA Sports.<\/p>\n<p>Estas son las novedades m\u00e1s significativas del FIFA 19:<\/p>\n<p>&#8211; Podr\u00e1s jugar con tu equipo la Champions League y Europa League. Est\u00e1s competiciones se incluyen tambi\u00e9n en el modo carrera y habr\u00e1 un nuevo modo de juego llamado Champions League donde se podr\u00e1 jugar la competici\u00f3n con los equipos de la temporada 18\/19 o crear un nuevo torneo con los equipos que quieras.<\/p>\n<p>&#8211; Nuevo sistema \u201cactive touch\u201d que cambia la forma en la que el jugador llega a la pelota dotando al juego de un mayor realismo y similitud con el futbol real. Las animaciones son m\u00e1s naturales y tendr\u00e1s que tener un mayor control sobre el jugador. \u00bfQuer\u00edas jugar al futbol, no?<\/p>\n<p>&#8211; Nuevo sistema de t\u00e1cticas din\u00e1micas que nos dota de nuevas opciones de configuraci\u00f3n. El juego se vuelve m\u00e1s t\u00e1ctico y podr\u00e1s retocar la estrategia de tu equipo dependiendo de si quieres tener m\u00e1s posesi\u00f3n, jugar al contra ataque, abierto a las bandas, con defensa adelantada o\u2026 \u00a1c\u00f3mo t\u00fa quieras!<\/p>\n<p>&#8211; Las batallas 50\/50 es otra de las novedades del juego ya que mejora los encontronazos entre jugadores dotando de mayor realismo al juego. Las disputas entre jugadores ser\u00e1n m\u00e1s reales en este FIFA.<\/p>\n<p>&#8211; La mec\u00e1nica del tiro se mejora con \u201ctimed finished\u201d ya que podr\u00e1s mejorar el tiro pulsando otra vez el bot\u00f3n de tirar.<\/p>\n<p>&#8211; Las novedades llegan tambi\u00e9n a FIFA Ultimate Team con la nueva &#8220;division rivals&#8221; donde podr\u00e1s jugar contra jugadores de todo el mundo con un nivel parecido y ganar puntos, ya no solo por el resultado, sino por la forma de ganar. Tambi\u00e9n habr\u00e1 10 nuevos iconos como Gerrard, Ra\u00fal o Rivaldo entre otros.<\/p>\n<h2>\u00bfQu\u00e9 estadios tiene?<\/h2>\n<p>El juego cuenta con los estadios m\u00e1s famosos del mundo: Anfield, Emirates Stadium, Old Trafford, Etihad Stadium, Santiago Bernab\u00e9u, Allianz Arena, San Siro, Parc des Principes, Borussia Park, Johan Cruyff Arena, Wanda Metropolitano y muchos m\u00e1s.<\/p>\n<p>El gran ausente, un a\u00f1o m\u00e1s, es el Camp Nou que puedes encontrar en PES 2019.<\/p>\n","protected":false},"excerpt":{"rendered":"<p>\u00bfQu\u00e9 novedades trae FIFA 19? Esta edici\u00f3n pinta que ser\u00e1 un juegazo \u00e9pico con las licencias oficiales de las competiciones UEFA y las nuevas mec\u00e1nicas que han desarrollado desde EA<\/p>\n","protected":false},"featured_media":5275,"comment_status":"open","ping_status":"closed","template":"","meta":[],"product_brand":[],"product_cat":[235,232,226],"product_tag":[],"class_list":{"0":"post-5274","1":"product","2":"type-product","3":"status-publish","4":"has-post-thumbnail","6":"product_cat-deportes-y-carreras","7":"product_cat-playstation","8":"product_cat-playstation-3","10":"first","11":"instock","12":"shipping-taxable","13":"product-type-simple"},"yoast_head":"<!-- This site is optimized with the Yoast SEO plugin v26.9 - https:\/\/yoast.com\/product\/yoast-seo-wordpress\/ -->\n<title>Fifa 19 - GGstore Chile<\/title>\n<meta name=\"robots\" content=\"index, follow, max-snippet:-1, max-image-preview:large, max-video-preview:-1\" \/>\n<link rel=\"canonical\" href=\"https:\/\/ggchile.cl\/store\/product\/fifa-19\/\" \/>\n<meta property=\"og:locale\" content=\"es_ES\" \/>\n<meta property=\"og:type\" content=\"article\" \/>\n<meta property=\"og:title\" content=\"Fifa 19 - GGstore Chile\" \/>\n<meta property=\"og:description\" content=\"\u00bfQu\u00e9 novedades trae FIFA 19? Esta edici\u00f3n pinta que ser\u00e1 un juegazo \u00e9pico con las licencias oficiales de las competiciones UEFA y las nuevas mec\u00e1nicas que han desarrollado desde EA\" \/>\n<meta property=\"og:url\" content=\"https:\/\/ggchile.cl\/store\/product\/fifa-19\/\" \/>\n<meta property=\"og:site_name\" content=\"GGstore Chile\" \/>\n<meta property=\"article:modified_time\" content=\"2021-11-20T13:17:06+00:00\" \/>\n<meta property=\"og:image\" content=\"https:\/\/ggchile.cl\/store\/wp-content\/uploads\/2021\/11\/juego-origin-fifa-19-cover.jpg\" \/>\n\t<meta property=\"og:image:width\" content=\"271\" \/>\n\t<meta property=\"og:image:height\" content=\"377\" \/>\n\t<meta property=\"og:image:type\" content=\"image\/jpeg\" \/>\n<meta name=\"twitter:card\" content=\"summary_large_image\" \/>\n<meta name=\"twitter:label1\" content=\"Tiempo de lectura\" \/>\n\t<meta name=\"twitter:data1\" content=\"2 minutos\" \/>\n<script type=\"application\/ld+json\" class=\"yoast-schema-graph\">{\"@context\":\"https:\/\/schema.org\",\"@graph\":[{\"@type\":\"WebPage\",\"@id\":\"https:\/\/ggchile.cl\/store\/product\/fifa-19\/\",\"url\":\"https:\/\/ggchile.cl\/store\/product\/fifa-19\/\",\"name\":\"Fifa 19 - GGstore Chile\",\"isPartOf\":{\"@id\":\"https:\/\/ggchile.cl\/store\/#website\"},\"primaryImageOfPage\":{\"@id\":\"https:\/\/ggchile.cl\/store\/product\/fifa-19\/#primaryimage\"},\"image\":{\"@id\":\"https:\/\/ggchile.cl\/store\/product\/fifa-19\/#primaryimage\"},\"thumbnailUrl\":\"https:\/\/i0.wp.com\/ggchile.cl\/store\/wp-content\/uploads\/2021\/11\/juego-origin-fifa-19-cover.jpg?fit=271%2C377&ssl=1\",\"datePublished\":\"2021-11-20T13:17:05+00:00\",\"dateModified\":\"2021-11-20T13:17:06+00:00\",\"breadcrumb\":{\"@id\":\"https:\/\/ggchile.cl\/store\/product\/fifa-19\/#breadcrumb\"},\"inLanguage\":\"es\",\"potentialAction\":[{\"@type\":\"ReadAction\",\"target\":[\"https:\/\/ggchile.cl\/store\/product\/fifa-19\/\"]}]},{\"@type\":\"ImageObject\",\"inLanguage\":\"es\",\"@id\":\"https:\/\/ggchile.cl\/store\/product\/fifa-19\/#primaryimage\",\"url\":\"https:\/\/i0.wp.com\/ggchile.cl\/store\/wp-content\/uploads\/2021\/11\/juego-origin-fifa-19-cover.jpg?fit=271%2C377&ssl=1\",\"contentUrl\":\"https:\/\/i0.wp.com\/ggchile.cl\/store\/wp-content\/uploads\/2021\/11\/juego-origin-fifa-19-cover.jpg?fit=271%2C377&ssl=1\",\"width\":271,\"height\":377},{\"@type\":\"BreadcrumbList\",\"@id\":\"https:\/\/ggchile.cl\/store\/product\/fifa-19\/#breadcrumb\",\"itemListElement\":[{\"@type\":\"ListItem\",\"position\":1,\"name\":\"Home\",\"item\":\"https:\/\/ggchile.cl\/store\/\"},{\"@type\":\"ListItem\",\"position\":2,\"name\":\"Shop\",\"item\":\"https:\/\/ggchile.cl\/store\/shop-2\/\"},{\"@type\":\"ListItem\",\"position\":3,\"name\":\"Fifa 19\"}]},{\"@type\":\"WebSite\",\"@id\":\"https:\/\/ggchile.cl\/store\/#website\",\"url\":\"https:\/\/ggchile.cl\/store\/\",\"name\":\"GGstore Chile\",\"description\":\"TU Tienda de juegos digitales!\",\"publisher\":{\"@id\":\"https:\/\/ggchile.cl\/store\/#organization\"},\"potentialAction\":[{\"@type\":\"SearchAction\",\"target\":{\"@type\":\"EntryPoint\",\"urlTemplate\":\"https:\/\/ggchile.cl\/store\/?s={search_term_string}\"},\"query-input\":{\"@type\":\"PropertyValueSpecification\",\"valueRequired\":true,\"valueName\":\"search_term_string\"}}],\"inLanguage\":\"es\"},{\"@type\":\"Organization\",\"@id\":\"https:\/\/ggchile.cl\/store\/#organization\",\"name\":\"GGstore Chile\",\"url\":\"https:\/\/ggchile.cl\/store\/\",\"logo\":{\"@type\":\"ImageObject\",\"inLanguage\":\"es\",\"@id\":\"https:\/\/ggchile.cl\/store\/#\/schema\/logo\/image\/\",\"url\":\"https:\/\/i0.wp.com\/ggchile.cl\/store\/wp-content\/uploads\/2021\/11\/cropped-icon.png?fit=400%2C400&ssl=1\",\"contentUrl\":\"https:\/\/i0.wp.com\/ggchile.cl\/store\/wp-content\/uploads\/2021\/11\/cropped-icon.png?fit=400%2C400&ssl=1\",\"width\":400,\"height\":400,\"caption\":\"GGstore Chile\"},\"image\":{\"@id\":\"https:\/\/ggchile.cl\/store\/#\/schema\/logo\/image\/\"}}]}<\/script>\n<!-- \/ Yoast SEO plugin. -->","yoast_head_json":{"title":"Fifa 19 - GGstore Chile","robots":{"index":"index","follow":"follow","max-snippet":"max-snippet:-1","max-image-preview":"max-image-preview:large","max-video-preview":"max-video-preview:-1"},"canonical":"https:\/\/ggchile.cl\/store\/product\/fifa-19\/","og_locale":"es_ES","og_type":"article","og_title":"Fifa 19 - GGstore Chile","og_description":"\u00bfQu\u00e9 novedades trae FIFA 19? Esta edici\u00f3n pinta que ser\u00e1 un juegazo \u00e9pico con las licencias oficiales de las competiciones UEFA y las nuevas mec\u00e1nicas que han desarrollado desde EA","og_url":"https:\/\/ggchile.cl\/store\/product\/fifa-19\/","og_site_name":"GGstore Chile","article_modified_time":"2021-11-20T13:17:06+00:00","og_image":[{"width":271,"height":377,"url":"https:\/\/ggchile.cl\/store\/wp-content\/uploads\/2021\/11\/juego-origin-fifa-19-cover.jpg","type":"image\/jpeg"}],"twitter_card":"summary_large_image","twitter_misc":{"Tiempo de lectura":"2 minutos"},"schema":{"@context":"https:\/\/schema.org","@graph":[{"@type":"WebPage","@id":"https:\/\/ggchile.cl\/store\/product\/fifa-19\/","url":"https:\/\/ggchile.cl\/store\/product\/fifa-19\/","name":"Fifa 19 - GGstore Chile","isPartOf":{"@id":"https:\/\/ggchile.cl\/store\/#website"},"primaryImageOfPage":{"@id":"https:\/\/ggchile.cl\/store\/product\/fifa-19\/#primaryimage"},"image":{"@id":"https:\/\/ggchile.cl\/store\/product\/fifa-19\/#primaryimage"},"thumbnailUrl":"https:\/\/i0.wp.com\/ggchile.cl\/store\/wp-content\/uploads\/2021\/11\/juego-origin-fifa-19-cover.jpg?fit=271%2C377&ssl=1","datePublished":"2021-11-20T13:17:05+00:00","dateModified":"2021-11-20T13:17:06+00:00","breadcrumb":{"@id":"https:\/\/ggchile.cl\/store\/product\/fifa-19\/#breadcrumb"},"inLanguage":"es","potentialAction":[{"@type":"ReadAction","target":["https:\/\/ggchile.cl\/store\/product\/fifa-19\/"]}]},{"@type":"ImageObject","inLanguage":"es","@id":"https:\/\/ggchile.cl\/store\/product\/fifa-19\/#primaryimage","url":"https:\/\/i0.wp.com\/ggchile.cl\/store\/wp-content\/uploads\/2021\/11\/juego-origin-fifa-19-cover.jpg?fit=271%2C377&ssl=1","contentUrl":"https:\/\/i0.wp.com\/ggchile.cl\/store\/wp-content\/uploads\/2021\/11\/juego-origin-fifa-19-cover.jpg?fit=271%2C377&ssl=1","width":271,"height":377},{"@type":"BreadcrumbList","@id":"https:\/\/ggchile.cl\/store\/product\/fifa-19\/#breadcrumb","itemListElement":[{"@type":"ListItem","position":1,"name":"Home","item":"https:\/\/ggchile.cl\/store\/"},{"@type":"ListItem","position":2,"name":"Shop","item":"https:\/\/ggchile.cl\/store\/shop-2\/"},{"@type":"ListItem","position":3,"name":"Fifa 19"}]},{"@type":"WebSite","@id":"https:\/\/ggchile.cl\/store\/#website","url":"https:\/\/ggchile.cl\/store\/","name":"GGstore Chile","description":"TU Tienda de juegos digitales!","publisher":{"@id":"https:\/\/ggchile.cl\/store\/#organization"},"potentialAction":[{"@type":"SearchAction","target":{"@type":"EntryPoint","urlTemplate":"https:\/\/ggchile.cl\/store\/?s={search_term_string}"},"query-input":{"@type":"PropertyValueSpecification","valueRequired":true,"valueName":"search_term_string"}}],"inLanguage":"es"},{"@type":"Organization","@id":"https:\/\/ggchile.cl\/store\/#organization","name":"GGstore Chile","url":"https:\/\/ggchile.cl\/store\/","logo":{"@type":"ImageObject","inLanguage":"es","@id":"https:\/\/ggchile.cl\/store\/#\/schema\/logo\/image\/","url":"https:\/\/i0.wp.com\/ggchile.cl\/store\/wp-content\/uploads\/2021\/11\/cropped-icon.png?fit=400%2C400&ssl=1","contentUrl":"https:\/\/i0.wp.com\/ggchile.cl\/store\/wp-content\/uploads\/2021\/11\/cropped-icon.png?fit=400%2C400&ssl=1","width":400,"height":400,"caption":"GGstore Chile"},"image":{"@id":"https:\/\/ggchile.cl\/store\/#\/schema\/logo\/image\/"}}]}},"jetpack_sharing_enabled":true,"jetpack-related-posts":[],"_links":{"self":[{"href":"https:\/\/ggchile.cl\/store\/wp-json\/wp\/v2\/product\/5274","targetHints":{"allow":["GET"]}}],"collection":[{"href":"https:\/\/ggchile.cl\/store\/wp-json\/wp\/v2\/product"}],"about":[{"href":"https:\/\/ggchile.cl\/store\/wp-json\/wp\/v2\/types\/product"}],"replies":[{"embeddable":true,"href":"https:\/\/ggchile.cl\/store\/wp-json\/wp\/v2\/comments?post=5274"}],"wp:featuredmedia":[{"embeddable":true,"href":"https:\/\/ggchile.cl\/store\/wp-json\/wp\/v2\/media\/5275"}],"wp:attachment":[{"href":"https:\/\/ggchile.cl\/store\/wp-json\/wp\/v2\/media?parent=5274"}],"wp:term":[{"taxonomy":"product_brand","embeddable":true,"href":"https:\/\/ggchile.cl\/store\/wp-json\/wp\/v2\/product_brand?post=5274"},{"taxonomy":"product_cat","embeddable":true,"href":"https:\/\/ggchile.cl\/store\/wp-json\/wp\/v2\/product_cat?post=5274"},{"taxonomy":"product_tag","embeddable":true,"href":"https:\/\/ggchile.cl\/store\/wp-json\/wp\/v2\/product_tag?post=5274"}],"curies":[{"name":"wp","href":"https:\/\/api.w.org\/{rel}","templated":true}]}}